{"id":10688,"date":"2019-02-12T20:13:17","date_gmt":"2019-02-12T18:13:17","guid":{"rendered":"http:\/\/www.hossi-im-netz.de\/wordpress\/?page_id=10688"},"modified":"2019-02-12T20:13:20","modified_gmt":"2019-02-12T18:13:20","slug":"gruenlandtemperatur","status":"publish","type":"page","link":"https:\/\/www.hossi-im-netz.de\/wordpress\/gruenlandtemperatur\/","title":{"rendered":"Gr\u00fcnlandtemperatur"},"content":{"rendered":"\n<h1 class=\"wp-block-heading\">Gr\u00fcnlandtemperatur<\/h1>\n\n\n\n<h4 class=\"wp-block-heading\">Definition<\/h4>\n\n\n\n<p><em>Eine besondere Form der W\u00e4rmesumme ist die sogenannte Gr\u00fcnlandtemperatur oder Gr\u00fcnland-Temperatur-Summe.<\/em><br><em>Sie wird in der&nbsp;Agrarmeteorologie&nbsp;insbesondere herangezogen, um in Mitteleuropa den Termin f\u00fcr das Einsetzen der Feldarbeit nach dem Winter zu bestimmen.<\/em><br><em>Dabei werden ab Jahresbeginn alle positiven mittleren Tagesmittel erfasst und im Januar mit dem Faktor 0,5 multipliziert. Im Februar wird mit dem Faktor 0,75 multipliziert und ab M\u00e4rz geht dann der \u201evolle\u201c Tageswert (mal Faktor 1) in die Rechnung ein. (\u201eKumulierte korrigierte GTS\u201c).<\/em><br><em>Wird im Fr\u00fchjahr die Summe von 200 \u00fcberschritten, ist der nachhaltige Vegetationsbeginn erreicht. Hintergrund ist die Stickstoffaufnahme und -verarbeitung des Bodens, welcher von dieser Temperatursumme abh\u00e4ngig ist.<\/em><\/p>\n\n\n\n<p><em><a rel=\"noreferrer noopener\" href=\"http:\/\/de.wikipedia.org\/wiki\/W%C3%A4rmesumme\" target=\"_blank\">Quelle: (Wikipedia)<\/a><\/em><\/p>\n\n\n\n<h4 class=\"wp-block-heading\">Die Gr\u00fcnlandtemperatur in Brachwitz<\/h4>\n\n\n\n<p>Im aktuellen Jahr wird die derzeitige Gr\u00fcnlandtemperatur und der Tag angezeigt, an dem die Temperatur erreicht wurde. Da dies automatisch aktualisiert wird und die Summe auf der Tagesmittel-Temperatur basiert, wird der Wert des letzten Tages angezeigt. Die Werte der vergangenen Jahre zeigen den Tag, an welchem Tag die 200 Gradmarke erreicht wurde.<\/p>\n\n\n\n<figure class=\"wp-block-image\"><img decoding=\"async\" src=\"https:\/\/www.hossi-im-netz.de\/wetter\/long_greenland.gif\" alt=\"\"\/><\/figure>\n\n\n\n<h4 class=\"wp-block-heading\">Gr\u00fcnlandtemperatur in Sachsen-Anhalt<\/h4>\n\n\n\n<figure class=\"wp-block-image\"><img decoding=\"async\" src=\"http:\/\/www.regionalwetter-sa.de\/gruenland.php\" alt=\"\"\/><\/figure>\n\n\n\n<h4 class=\"wp-block-heading\">Weiterf\u00fchrende LINKS<\/h4>\n\n\n\n<figure class=\"wp-block-embed is-type-rich is-provider-wetterstation-brachwitz\"><div class=\"wp-block-embed__wrapper\">\n<blockquote class=\"wp-embedded-content\" data-secret=\"0wXC5XDoHh\"><a href=\"https:\/\/www.hossi-im-netz.de\/wordpress\/gartenwetter\/\">Gartenwetter<\/a><\/blockquote><iframe loading=\"lazy\" class=\"wp-embedded-content\" sandbox=\"allow-scripts\" security=\"restricted\" style=\"position: absolute; clip: rect(1px, 1px, 1px, 1px);\" title=\"&#8222;Gartenwetter&#8220; &#8212; Wetterstation Brachwitz\" src=\"https:\/\/www.hossi-im-netz.de\/wordpress\/gartenwetter\/embed\/#?secret=q7C7zyg9cY#?secret=0wXC5XDoHh\" data-secret=\"0wXC5XDoHh\" width=\"600\" height=\"338\" frameborder=\"0\" marginwidth=\"0\" marginheight=\"0\" scrolling=\"no\"><\/iframe>\n<\/div><\/figure>\n","protected":false},"excerpt":{"rendered":"<p>Gr\u00fcnlandtemperatur Definition Eine besondere Form der W\u00e4rmesumme ist die sogenannte Gr\u00fcnlandtemperatur oder Gr\u00fcnland-Temperatur-Summe.Sie wird in der&nbsp;Agrarmeteorologie&nbsp;insbesondere herangezogen, um in Mitteleuropa den Termin f\u00fcr das Einsetzen der Feldarbeit nach dem Winter zu bestimmen.Dabei werden ab Jahresbeginn alle positiven mittleren Tagesmittel erfasst <span class=\"excerpt-dots\">&hellip;<\/span> <a class=\"more-link\" href=\"https:\/\/www.hossi-im-netz.de\/wordpress\/gruenlandtemperatur\/\"><span class=\"more-msg\">Weiterlesen &rarr;<\/span><\/a><\/p>\n","protected":false},"author":1,"featured_media":0,"parent":0,"menu_order":0,"comment_status":"closed","ping_status":"closed","template":"","meta":{"_exactmetrics_skip_tracking":false,"_exactmetrics_sitenote_active":false,"_exactmetrics_sitenote_note":"","_exactmetrics_sitenote_category":0,"jetpack_post_was_ever_published":false,"footnotes":""},"yst_prominent_words":[9104,11070,2751,11067,11069,11068,11071],"class_list":["post-10688","page","type-page","status-publish","hentry"],"jetpack_sharing_enabled":true,"jetpack_shortlink":"https:\/\/wp.me\/P5DnIb-2Mo","jetpack-related-posts":[],"jetpack_likes_enabled":true,"_links":{"self":[{"href":"https:\/\/www.hossi-im-netz.de\/wordpress\/wp-json\/wp\/v2\/pages\/10688","targetHints":{"allow":["GET"]}}],"collection":[{"href":"https:\/\/www.hossi-im-netz.de\/wordpress\/wp-json\/wp\/v2\/pages"}],"about":[{"href":"https:\/\/www.hossi-im-netz.de\/wordpress\/wp-json\/wp\/v2\/types\/page"}],"author":[{"embeddable":true,"href":"https:\/\/www.hossi-im-netz.de\/wordpress\/wp-json\/wp\/v2\/users\/1"}],"replies":[{"embeddable":true,"href":"https:\/\/www.hossi-im-netz.de\/wordpress\/wp-json\/wp\/v2\/comments?post=10688"}],"version-history":[{"count":2,"href":"https:\/\/www.hossi-im-netz.de\/wordpress\/wp-json\/wp\/v2\/pages\/10688\/revisions"}],"predecessor-version":[{"id":11688,"href":"https:\/\/www.hossi-im-netz.de\/wordpress\/wp-json\/wp\/v2\/pages\/10688\/revisions\/11688"}],"wp:attachment":[{"href":"https:\/\/www.hossi-im-netz.de\/wordpress\/wp-json\/wp\/v2\/media?parent=10688"}],"wp:term":[{"taxonomy":"yst_prominent_words","embeddable":true,"href":"https:\/\/www.hossi-im-netz.de\/wordpress\/wp-json\/wp\/v2\/yst_prominent_words?post=10688"}],"curies":[{"name":"wp","href":"https:\/\/api.w.org\/{rel}","templated":true}]}}