{"id":135,"date":"2015-01-20T20:24:39","date_gmt":"2015-01-20T20:24:39","guid":{"rendered":"http:\/\/hossi-im-netz.de\/wordpress\/?page_id=135"},"modified":"2019-10-22T21:48:28","modified_gmt":"2019-10-22T19:48:28","slug":"vorhersage","status":"publish","type":"page","link":"https:\/\/www.hossi-im-netz.de\/wordpress\/vorhersage\/","title":{"rendered":"Wettervorhersage"},"content":{"rendered":"<h2>Wettervorhersage f\u00fcr Brachwitz, Wettin-L\u00f6bej\u00fcn, Saalekreis und Halle Saale.<\/h2>\n<p>Auf dieser Seite wurde das komplette Wetterangebot des <a href=\"http:\/\/www.dwd.de\" target=\"_blank\" rel=\"noopener noreferrer\">DWD<\/a> aufbereitet und f\u00fcr Sie zur Verf\u00fcgung gestellt. Neben der Wettervorhersage f\u00fcr Brachwitz, Wettin-L\u00f6bej\u00fcn, Saalekreis und Halle Saale, kann man auch das Wetter f\u00fcr ganz Deutschland ansehen. Es gibt eine \u00dcbersicht zum Pollenflug, zur Wetterf\u00fchligkeit, Regenradar, Satellitenwetter, Wetterwarnungen, Synoptische Wetter\u00fcbersichten und vieles mehr. Viel Spa\u00df beim Erkunden und immer daran denken: &#8222;Es gibt kein schlechtes Wetter.&#8220;<\/p>\n<p><a href=\"https:\/\/www.hossi-im-netz.de\/wordpress\/vorhersage\/wettervorhersage-dwd\/\">1. Wettervorhersage DWD<\/a><\/p>\n<p><a href=\"https:\/\/www.hossi-im-netz.de\/wordpress\/vorhersage\/wettervorhersage-dwd-text\/\">2. Wettervorhersage DWD Text<\/a><\/p>\n<p><a href=\"https:\/\/www.hossi-im-netz.de\/wordpress\/vorhersage\/meteogramme\/\">3.\u00a0Meteogramme<\/a><\/p>\n<p><a href=\"https:\/\/www.hossi-im-netz.de\/wordpress\/vorhersage\/bodendruckkarte\/\">4. Bodendruck-Karte<\/a><\/p>\n<p><a href=\"https:\/\/www.hossi-im-netz.de\/wordpress\/vorhersage\/gfs-vorhersagekarten\/\">5. GFS Vorhersage Temperatur<\/a><\/p>\n<p><a href=\"https:\/\/www.hossi-im-netz.de\/wordpress\/vorhersage\/gfs-karten-niederschlag\/\">6. GFS Vorhersage Niederschlag\u00a0<\/a><\/p>\n<p><a href=\"https:\/\/www.hossi-im-netz.de\/wordpress\/vorhersage\/niederschlagsummen\/\">7. GFS Vorhersage Niederschlagssumme<\/a><\/p>\n<p><a href=\"https:\/\/www.hossi-im-netz.de\/wordpress\/vorhersage\/cape-faktor-und-lifted-index\/\">8. Cape Faktor und Lifted Index (Gewitter)<\/a><\/p>\n<p><a href=\"https:\/\/www.hossi-im-netz.de\/wordpress\/vorhersage\/vorhersage-animation\/\">9. Wettervorhersage Animation<\/a><\/p>\n<p><a href=\"https:\/\/www.hossi-im-netz.de\/wordpress\/vorhersage\/vorhersage-wetter-info\/\">10. Wettervorhersage Wetter.info<\/a><\/p>\n<p><a href=\"https:\/\/www.hossi-im-netz.de\/wordpress\/vorhersage\/synoptische-uebersicht\/\">11. Synoptische \u00dcbersicht<\/a><\/p>\n<p><a href=\"https:\/\/www.hossi-im-netz.de\/wordpress\/vorhersage\/synoptische-uebersicht-mittelfrist\/\">12. Synoptische \u00dcbersicht Mittelfrist<\/a><\/p>\n<p><a href=\"https:\/\/www.hossi-im-netz.de\/wordpress\/vorhersage\/europawetter\/\">13. Europawetter\u00a0<\/a><\/p>\n<p><a href=\"https:\/\/www.hossi-im-netz.de\/wordpress\/vorhersage\/pollenflugvorhersage\/\">14. Vorhersage Pollenflug<\/a><\/p>\n<p><a href=\"https:\/\/www.hossi-im-netz.de\/wordpress\/vorhersage\/medizin-wetter\/\">15. Medizin Wetter<\/a><\/p>\n<p><a href=\"https:\/\/www.hossi-im-netz.de\/wordpress\/vorhersage\/gefuehlte-temperatur\/\">16. Gef\u00fchlte Temperatur<\/a><\/p>\n<p><a href=\"https:\/\/www.hossi-im-netz.de\/wordpress\/feinstaub-brachwitz\/\">17. Feinstaub<\/a><\/p>\n<p><a href=\"https:\/\/www.hossi-im-netz.de\/wordpress\/vorhersage\/ozon\/\">18. Ozon<\/a><\/p>\n<p><a href=\"https:\/\/www.hossi-im-netz.de\/wordpress\/vorhersage\/seewetterbericht\/\">19. Seewetterbericht weltweit<\/a><\/p>\n<p><a href=\"https:\/\/www.hossi-im-netz.de\/wordpress\/wetter\/meerwassertemperaturen\/\">20. Meerwassertemperaturen weltweit<\/a><\/p>\n<p><iframe loading=\"lazy\" src=\"http:\/\/hossi-im-netz.de\/wetterbericht%20brachwitz.php\" width=\"100%\" height=\"1500\" frameborder=\"0\">&amp;lt;span data-mce-type=&#8220;bookmark&#8220; style=&#8220;display: inline-block; width: 0px; overflow: hidden; line-height: 0;&#8220; class=&#8220;mce_SELRES_start&#8220;&amp;gt;\ufeff&amp;lt;\/span&amp;gt;&amp;lt;span data-mce-type=&#8220;bookmark&#8220; style=&#8220;display: inline-block; width: 0px; overflow: hidden; line-height: 0;&#8220; class=&#8220;mce_SELRES_start&#8220;&amp;gt;\ufeff&amp;lt;\/span&amp;gt;&amp;lt;span data-mce-type=&#8220;bookmark&#8220; style=&#8220;display: inline-block; width: 0px; overflow: hidden; line-height: 0;&#8220; class=&#8220;mce_SELRES_start&#8220;&amp;gt;\ufeff&amp;lt;\/span&amp;gt;<\/iframe><\/p>\n<p>Interessante Themen des Tages oder Wettervorhersagen bei Unwettern, werden immer aktuell im <a href=\"https:\/\/www.hossi-im-netz.de\/wordpress\/?page_id=233\" target=\"_blank\" rel=\"noopener noreferrer\">Wetterblog<\/a> gepostet. Ebenfalls k\u00f6nnen diese Post bei der <a href=\"http:\/\/www.twitter.com\/wetterbrachwitz\" target=\"_blank\" rel=\"noopener noreferrer\">Twitter<\/a> und der <a href=\"http:\/\/www.facebook.com\/wetterstationbrachwitz\" target=\"_blank\" rel=\"noopener noreferrer\">Facebook-Seite<\/a> von Wetterstation Brachwitz empfangen werden. So bleibt ihr immer aktuell informiert. Bei Unwettern k\u00f6nnen auch die weiteren <a href=\"https:\/\/www.hossi-im-netz.de\/wordpress\/?page_id=123\" target=\"_blank\" rel=\"noopener noreferrer\">Module zu Wetterwarnungen<\/a> genutzt werden. Sehr sch\u00f6n ist auch die <a href=\"https:\/\/www.hossi-im-netz.de\/wordpress\/?page_id=143\" target=\"_blank\" rel=\"noopener noreferrer\">animierte Wettervorhersage<\/a>. Im Untermen\u00fc sind die bildhaften Wettervorhersagen f\u00fcr den aktuellen Tag und die n\u00e4chsten 3 Tage dargestellt. Au\u00dferdem ist ein 15 Tage Wettervorhersage-Diagramm vorhanden und wem das noch nicht reicht, kann die Wettervorhersage von Wetter.com nutzen. Die <a href=\"https:\/\/www.hossi-im-netz.de\/wordpress\/vorhersage\/synoptische-uebersicht\/\" target=\"_blank\" rel=\"noopener noreferrer\">Synoptische \u00dcbersicht<\/a> vergleicht verschiedene Wettermodelle.<\/p>\n","protected":false},"excerpt":{"rendered":"<p>Wettervorhersage f\u00fcr Brachwitz, Wettin-L\u00f6bej\u00fcn, Saalekreis und Halle Saale. Auf dieser Seite wurde das komplette Wetterangebot des DWD aufbereitet und f\u00fcr Sie zur Verf\u00fcgung gestellt. Neben der Wettervorhersage f\u00fcr Brachwitz, Wettin-L\u00f6bej\u00fcn, Saalekreis und Halle Saale, kann man auch das Wetter f\u00fcr <span class=\"excerpt-dots\">&hellip;<\/span> <a class=\"more-link\" href=\"https:\/\/www.hossi-im-netz.de\/wordpress\/vorhersage\/\"><span class=\"more-msg\">Weiterlesen &rarr;<\/span><\/a><\/p>\n","protected":false},"author":1,"featured_media":0,"parent":0,"menu_order":5,"comment_status":"closed","ping_status":"open","template":"","meta":{"_exactmetrics_skip_tracking":false,"_exactmetrics_sitenote_active":false,"_exactmetrics_sitenote_note":"","_exactmetrics_sitenote_category":0,"jetpack_post_was_ever_published":false,"footnotes":""},"yst_prominent_words":[1683,1674,11789,11787,1687,11793,11792,1685,1680,11788,11786,11785,11790,1688,1681,1676,1672,1679,1675,11791],"class_list":["post-135","page","type-page","status-publish","hentry"],"jetpack_sharing_enabled":true,"jetpack_shortlink":"https:\/\/wp.me\/P5DnIb-2b","jetpack-related-posts":[],"jetpack_likes_enabled":true,"_links":{"self":[{"href":"https:\/\/www.hossi-im-netz.de\/wordpress\/wp-json\/wp\/v2\/pages\/135","targetHints":{"allow":["GET"]}}],"collection":[{"href":"https:\/\/www.hossi-im-netz.de\/wordpress\/wp-json\/wp\/v2\/pages"}],"about":[{"href":"https:\/\/www.hossi-im-netz.de\/wordpress\/wp-json\/wp\/v2\/types\/page"}],"author":[{"embeddable":true,"href":"https:\/\/www.hossi-im-netz.de\/wordpress\/wp-json\/wp\/v2\/users\/1"}],"replies":[{"embeddable":true,"href":"https:\/\/www.hossi-im-netz.de\/wordpress\/wp-json\/wp\/v2\/comments?post=135"}],"version-history":[{"count":23,"href":"https:\/\/www.hossi-im-netz.de\/wordpress\/wp-json\/wp\/v2\/pages\/135\/revisions"}],"predecessor-version":[{"id":11687,"href":"https:\/\/www.hossi-im-netz.de\/wordpress\/wp-json\/wp\/v2\/pages\/135\/revisions\/11687"}],"wp:attachment":[{"href":"https:\/\/www.hossi-im-netz.de\/wordpress\/wp-json\/wp\/v2\/media?parent=135"}],"wp:term":[{"taxonomy":"yst_prominent_words","embeddable":true,"href":"https:\/\/www.hossi-im-netz.de\/wordpress\/wp-json\/wp\/v2\/yst_prominent_words?post=135"}],"curies":[{"name":"wp","href":"https:\/\/api.w.org\/{rel}","templated":true}]}}