{"id":145,"date":"2015-01-20T20:34:36","date_gmt":"2015-01-20T20:34:36","guid":{"rendered":"http:\/\/hossi-im-netz.de\/wordpress\/?page_id=145"},"modified":"2019-05-16T10:28:29","modified_gmt":"2019-05-16T08:28:29","slug":"wetter","status":"publish","type":"page","link":"https:\/\/www.hossi-im-netz.de\/wordpress\/wetter\/","title":{"rendered":"Wetter"},"content":{"rendered":"<h4>Wetter &#8211; hier finden sie alle aktuellen Wetterdaten meiner Wetterstation.<\/h4>\n<p>Technik: Die Daten werden streng nach den Vorgaben des Deutschen Wetterdienstes erhoben. Der Tempearturf\u00fchler ist weit entfernt von st\u00f6renden Geb\u00e4uden und Bauwerken. Au\u00dferdem ist er Windgesch\u00fctz und aktiv bel\u00fcftet, um Beeinflussungen durch W\u00e4rmestrahlung und W\u00e4rmestau zu vermeiden. Der Regenmesser ist frei aufgestell, so dass es keinen Regenschatten gibt. Der Windmesser ist in einer H\u00f6he von 8,5m montiert und garantiert somit reelle Windgeschwindigkeiten.<\/p>\n<p>Wetter, wie Wetter sein muss!<\/p>\n<h4><a href=\"https:\/\/www.hossi-im-netz.de\/wordpress\/wetter\/wetter-aktuell-neu\/\" target=\"_blank\" rel=\"noopener noreferrer\">Wetter aktuell\u00a0<\/a><span style=\"color: #ff0000;\">*NEU<\/span><\/h4>\n<p>&#8211; \u00dcbersicht \u00fcber alle relevanten Wetter-Daten, inklusive statistische Werte, Grafiken und R\u00fcckblicke<\/p>\n<h4><a href=\"https:\/\/www.hossi-im-netz.de\/wordpress\/wetter\/wetterdaten\/\" target=\"_blank\" rel=\"noopener noreferrer\">Wetterdaten<\/a><\/h4>\n<p>&#8211; Kurz\u00fcbersicht zu allen relevanten Wetterdaten<\/p>\n<h4><a href=\"https:\/\/www.hossi-im-netz.de\/wordpress\/?page_id=154\" target=\"_blank\" rel=\"noopener noreferrer\">Aktuelle Grafiken<\/a><\/h4>\n<p>&#8211; \u00dcbersichtsgrafiken und Einzelgrafiken aller wichtigen Wetterdaten des aktuellen Tages<\/p>\n<h4><a href=\"https:\/\/www.hossi-im-netz.de\/wordpress\/wetter\/wochengrafiken\/\" target=\"_blank\" rel=\"noopener noreferrer\">Wochengrafiken<\/a><\/h4>\n<p>&#8211; \u00dcbersichtsgrafiken und Einzelgrafiken aller wichtigen Wetterdaten der aktuellen Woche<\/p>\n<h4><a href=\"https:\/\/www.hossi-im-netz.de\/wordpress\/wetter\/instrumente\/\" target=\"_blank\" rel=\"noopener noreferrer\">Instrumente<\/a><\/h4>\n<p>&#8211; Wetterinstrumente der Wetterstation Brachwitz<\/p>\n<h4><a href=\"https:\/\/www.hossi-im-netz.de\/wordpress\/wetter\/wettertechnik\/\">Wettertechnik<\/a><\/h4>\n<p>&#8211; die Technik\u00a0der Wetterstation Brachwitz<\/p>\n<h4><a href=\"https:\/\/www.hossi-im-netz.de\/wordpress\/wetter\/wettercam\/\">Wettercam<\/a><\/h4>\n<p>&#8211; die Wetter Webcam\u00a0der Wetterstation Brachwitz<\/p>\n<h4><a href=\"https:\/\/www.hossi-im-netz.de\/wordpress\/?page_id=152\" target=\"_blank\" rel=\"noopener noreferrer\">Regenradar<\/a><\/h4>\n<p>&#8211; schnelle \u00dcbersicht zu Niederschl\u00e4gen f\u00fcr Deutschland und Sachsen-Anhalt<\/p>\n<h4><a href=\"https:\/\/www.hossi-im-netz.de\/wordpress\/?page_id=148\" target=\"_blank\" rel=\"noopener noreferrer\">Satellitenwetter<\/a><\/h4>\n<p>&#8211; \u00dcberblick zu den aktuellen Wolkenfilm und Niederschlagsarten in Europa<\/p>\n<h4><a href=\"https:\/\/www.hossi-im-netz.de\/wordpress\/wetter\/blitzortung\/\" target=\"_blank\" rel=\"noopener noreferrer\">Blitzortung<\/a><\/h4>\n<p>&#8211; \u00dcbersicht zu aktuellen Blitzen in Deutschland<\/p>\n<h4><a href=\"https:\/\/www.hossi-im-netz.de\/wordpress\/wetter\/radioaktivitaet\/\">Radioaktivit\u00e4t<\/a><\/h4>\n<p>&#8211;\u00a0Radioaktivit\u00e4t &#8211; Messstation Halle<\/p>\n<h4><a href=\"https:\/\/www.hossi-im-netz.de\/wordpress\/wetter\/wolken\/\">Wolken<\/a><\/h4>\n<p>&#8211;\u00a0Wolken, Wolkenarten, Wolkenbildung, Wolkenatlas<\/p>\n<h4><a href=\"https:\/\/www.hossi-im-netz.de\/wordpress\/wetter\/erdbeben\/\">Erdbeben<\/a><\/h4>\n<p>&#8211;\u00a0Geofon Potsdam<\/p>\n<h4><a href=\"https:\/\/www.hossi-im-netz.de\/wordpress\/wetter\/wetter-vor-einem-jahr\/\">Wetter vor einem Jahr<\/a><\/h4>\n<p>&#8211; das Wetter der Wetterstation Brachwitz vor genau einem Jahr<\/p>\n<h4><a href=\"https:\/\/www.hossi-im-netz.de\/wordpress\/wetter\/schneekarten\/\">Schneekarten<\/a><\/h4>\n<p>&#8211;\u00a0erster Schnee, letzter Schnee, Dauer der Schneeperiode<\/p>\n<h4><a href=\"https:\/\/www.hossi-im-netz.de\/wordpress\/?page_id=158\" target=\"_blank\" rel=\"noopener noreferrer\">Schneeh\u00f6hen<\/a><\/h4>\n<p>&#8211; Schneeh\u00f6hen in den zur\u00fcckliegenden Wintern<\/p>\n<h4><a href=\"https:\/\/www.hossi-im-netz.de\/wordpress\/gruenlandtemperatur\/\">Gr\u00fcnlandtemperatur<\/a><\/h4>\n<p>&#8211; Wann startet die Vegetation im Fr\u00fchjahr?<\/p>\n<h4><a href=\"https:\/\/www.hossi-im-netz.de\/wordpress\/sonne-und-mond\" target=\"_blank\" rel=\"noopener noreferrer\">Sonne und Mond<\/a><\/h4>\n<p>&#8211; \u00dcberblick zu Sonne und Mond (Vollmond, Sonnenfinsternis, usw.)<\/p>\n<h4><a href=\"https:\/\/www.hossi-im-netz.de\/wetter\/Grafig_All.htm\" target=\"_blank\" rel=\"noopener noreferrer\">Alle Wettergrafiken<\/a><\/h4>\n<p>&#8211; \u00dcbersicht \u00fcber alle Wettergrafiken der letzten Jahre<\/p>\n<h4><a href=\"https:\/\/www.hossi-im-netz.de\/wetter\/Tabelle_All.htm\" target=\"_blank\" rel=\"noopener noreferrer\">Alle Wettertabellen<\/a><\/h4>\n<p>&#8211; \u00dcbersicht \u00fcber alle Wetterdatentabellen der letzten Jahre<\/p>\n<h4><a href=\"https:\/\/www.hossi-im-netz.de\/wetter\/start.html\" target=\"_blank\" rel=\"noopener noreferrer\">WSWIN<\/a><\/h4>\n<p>&#8211; separate automatisierte Wetterseite mit allen Grafiken und Tabellen<\/p>\n","protected":false},"excerpt":{"rendered":"<p>Wetter &#8211; hier finden sie alle aktuellen Wetterdaten meiner Wetterstation. Technik: Die Daten werden streng nach den Vorgaben des Deutschen Wetterdienstes erhoben. Der Tempearturf\u00fchler ist weit entfernt von st\u00f6renden Geb\u00e4uden und Bauwerken. Au\u00dferdem ist er Windgesch\u00fctz und aktiv bel\u00fcftet, um <span class=\"excerpt-dots\">&hellip;<\/span> <a class=\"more-link\" href=\"https:\/\/www.hossi-im-netz.de\/wordpress\/wetter\/\"><span class=\"more-msg\">Weiterlesen &rarr;<\/span><\/a><\/p>\n","protected":false},"author":1,"featured_media":0,"parent":0,"menu_order":1,"comment_status":"closed","ping_status":"open","template":"","meta":{"_exactmetrics_skip_tracking":false,"_exactmetrics_sitenote_active":false,"_exactmetrics_sitenote_note":"","_exactmetrics_sitenote_category":0,"jetpack_post_was_ever_published":false,"footnotes":""},"yst_prominent_words":[2124,1410,1411,6450,6444,6442,6387,6448,6445,6447,2699,6449,6443,6441,1220,6388,4916,4913,6451,6446],"class_list":["post-145","page","type-page","status-publish","hentry"],"jetpack_sharing_enabled":true,"jetpack_shortlink":"https:\/\/wp.me\/P5DnIb-2l","jetpack-related-posts":[],"jetpack_likes_enabled":true,"_links":{"self":[{"href":"https:\/\/www.hossi-im-netz.de\/wordpress\/wp-json\/wp\/v2\/pages\/145","targetHints":{"allow":["GET"]}}],"collection":[{"href":"https:\/\/www.hossi-im-netz.de\/wordpress\/wp-json\/wp\/v2\/pages"}],"about":[{"href":"https:\/\/www.hossi-im-netz.de\/wordpress\/wp-json\/wp\/v2\/types\/page"}],"author":[{"embeddable":true,"href":"https:\/\/www.hossi-im-netz.de\/wordpress\/wp-json\/wp\/v2\/users\/1"}],"replies":[{"embeddable":true,"href":"https:\/\/www.hossi-im-netz.de\/wordpress\/wp-json\/wp\/v2\/comments?post=145"}],"version-history":[{"count":15,"href":"https:\/\/www.hossi-im-netz.de\/wordpress\/wp-json\/wp\/v2\/pages\/145\/revisions"}],"predecessor-version":[{"id":11109,"href":"https:\/\/www.hossi-im-netz.de\/wordpress\/wp-json\/wp\/v2\/pages\/145\/revisions\/11109"}],"wp:attachment":[{"href":"https:\/\/www.hossi-im-netz.de\/wordpress\/wp-json\/wp\/v2\/media?parent=145"}],"wp:term":[{"taxonomy":"yst_prominent_words","embeddable":true,"href":"https:\/\/www.hossi-im-netz.de\/wordpress\/wp-json\/wp\/v2\/yst_prominent_words?post=145"}],"curies":[{"name":"wp","href":"https:\/\/api.w.org\/{rel}","templated":true}]}}