{"id":175,"date":"2015-01-20T20:57:58","date_gmt":"2015-01-20T20:57:58","guid":{"rendered":"http:\/\/hossi-im-netz.de\/wordpress\/?page_id=175"},"modified":"2021-01-20T14:46:12","modified_gmt":"2021-01-20T12:46:12","slug":"wetterseitenlinks","status":"publish","type":"page","link":"https:\/\/www.hossi-im-netz.de\/wordpress\/wetterseitenlinks\/","title":{"rendered":"Wetterseiten\/Links"},"content":{"rendered":"<h2>Wetterseiten und Links<\/h2>\n<p>Hier findest Du interessante Links zu Seiten rund um das Thema Wetter und Natur.<\/p>\n<h5>Wetternetzwerke<\/h5>\n<ol>\n<li><a href=\"http:\/\/www.awekas.at\/de\/instrument.php?id=5814\" target=\"_blank\" rel=\"noopener\">Awekas<\/a>\u00a0\u00a0 &#8211; automatisches Wetterkartensystem<\/li>\n<li><a href=\"http:\/\/www.wetter.com\/community\/wetternetzwerk\/station\/profil\/?uid=3882\" target=\"_blank\" rel=\"noopener\">Wetter.com <\/a>&#8211; Wetterstation Brachwitz bei Wetter.com<\/li>\n<li><a href=\"http:\/\/www.regionalwetter-sa.de\" target=\"_blank\" rel=\"noopener\">Regionalwetter-SA<\/a> &#8211; Wetterstation Brachwitz im Wetternetzwerk Sachsen-Anhalt<\/li>\n<li><a href=\"http:\/\/www.wetternetz-sachsen.de\/index.php?s=station&amp;id=212\" target=\"_blank\" rel=\"noopener\">Wetternetz Sachsen <\/a>&#8211; Wetterstation Brachwitz im Wetternetzwerk Sachsen<\/li>\n<li><a href=\"http:\/\/www.neuwetter.de\/wetter-deutschland\/sachsen-anhalt\/wetter-brachwitz\/s387.html\" target=\"_blank\" rel=\"noopener\">Neuwetter<\/a> &#8211; Wetterstation Brachwitz im Wetternetzwerk Niedersachsen<\/li>\n<li><a href=\"http:\/\/www.wedaal.de\" target=\"_blank\" rel=\"noopener\">Weedal<\/a> &#8211; Wetterstation Brachwitz im Wetternetzwerk Weedal<\/li>\n<li><a href=\"http:\/\/www.wunderground.com\/personal-weather-station\/dashboard?ID=ISACHSEN329\" target=\"_blank\" rel=\"noopener\">Wunderground <\/a>&#8211; Wetterstation Brachwitz im Wetternetzwerk Weather Underground<\/li>\n<li><a href=\"http:\/\/www.wettersektor.de\/info.php?i=20&amp;k=19&amp;CHA=&amp;W=\" target=\"_blank\" rel=\"noopener\">Wettersektor\u00a0<\/a>&#8211; Wetterstation Brachwitz im Wetternetzwerk\u00a0Wettersektor<\/li>\n<\/ol>\n<h5>Freunde<\/h5>\n<ol>\n<li><a href=\"http:\/\/www.sternwarte-brachwitz.de\">Sternwarte Brachwitz<\/a> &#8211; der Sternenhimmel \u00fcber Brachwitz<\/li>\n<li><a href=\"http:\/\/www.feuerwehr-brachwitz.de\">FF Brachwitz<\/a>\u00a0\u00a0 &#8211; Freiwillige Feuerwehr Brachwitz<\/li>\n<li><a href=\"http:\/\/www.f\u00e4hren-wettin-l\u00f6bej\u00fcn.de\">F\u00e4hren Wettin-L\u00f6bej\u00fcn<\/a>\u00a0\u00a0 &#8211; Die F\u00e4hren von Brachwitz, Wettin und Brucke\/Rothenburg<\/li>\n<li><a href=\"http:\/\/www.brachwitz.eu\">Brachwitz<\/a> &#8211; Alles rund um Brachwitz<\/li>\n<li><a href=\"https:\/\/kobatec.de\">Kobatec<\/a> &#8211; Kommunal- und Baumaschinen<\/li>\n<li><a href=\"https:\/\/www.ilb-institut.de\" target=\"_blank\" rel=\"noopener\">ILB Istitut<\/a>\u00a0\u00a0 &#8211; Institut f\u00fcr landwirtschaftliche Bildung<\/li>\n<\/ol>\n","protected":false},"excerpt":{"rendered":"<p>Wetterseiten und Links Hier findest Du interessante Links zu Seiten rund um das Thema Wetter und Natur. Wetternetzwerke Awekas\u00a0\u00a0 &#8211; automatisches Wetterkartensystem Wetter.com &#8211; Wetterstation Brachwitz bei Wetter.com Regionalwetter-SA &#8211; Wetterstation Brachwitz im Wetternetzwerk Sachsen-Anhalt Wetternetz Sachsen &#8211; Wetterstation Brachwitz <span class=\"excerpt-dots\">&hellip;<\/span> <a class=\"more-link\" href=\"https:\/\/www.hossi-im-netz.de\/wordpress\/wetterseitenlinks\/\"><span class=\"more-msg\">Weiterlesen &rarr;<\/span><\/a><\/p>\n","protected":false},"author":1,"featured_media":0,"parent":0,"menu_order":7,"comment_status":"closed","ping_status":"open","template":"","meta":{"_exactmetrics_skip_tracking":false,"_exactmetrics_sitenote_active":false,"_exactmetrics_sitenote_note":"","_exactmetrics_sitenote_category":0,"jetpack_post_was_ever_published":false,"footnotes":""},"yst_prominent_words":[1410,6872,6877,6256,6384,6875,6874,6873,6876,4916,4913,6871],"class_list":["post-175","page","type-page","status-publish","hentry"],"jetpack_sharing_enabled":true,"jetpack_shortlink":"https:\/\/wp.me\/P5DnIb-2P","jetpack-related-posts":[],"jetpack_likes_enabled":true,"_links":{"self":[{"href":"https:\/\/www.hossi-im-netz.de\/wordpress\/wp-json\/wp\/v2\/pages\/175","targetHints":{"allow":["GET"]}}],"collection":[{"href":"https:\/\/www.hossi-im-netz.de\/wordpress\/wp-json\/wp\/v2\/pages"}],"about":[{"href":"https:\/\/www.hossi-im-netz.de\/wordpress\/wp-json\/wp\/v2\/types\/page"}],"author":[{"embeddable":true,"href":"https:\/\/www.hossi-im-netz.de\/wordpress\/wp-json\/wp\/v2\/users\/1"}],"replies":[{"embeddable":true,"href":"https:\/\/www.hossi-im-netz.de\/wordpress\/wp-json\/wp\/v2\/comments?post=175"}],"version-history":[{"count":9,"href":"https:\/\/www.hossi-im-netz.de\/wordpress\/wp-json\/wp\/v2\/pages\/175\/revisions"}],"predecessor-version":[{"id":14229,"href":"https:\/\/www.hossi-im-netz.de\/wordpress\/wp-json\/wp\/v2\/pages\/175\/revisions\/14229"}],"wp:attachment":[{"href":"https:\/\/www.hossi-im-netz.de\/wordpress\/wp-json\/wp\/v2\/media?parent=175"}],"wp:term":[{"taxonomy":"yst_prominent_words","embeddable":true,"href":"https:\/\/www.hossi-im-netz.de\/wordpress\/wp-json\/wp\/v2\/yst_prominent_words?post=175"}],"curies":[{"name":"wp","href":"https:\/\/api.w.org\/{rel}","templated":true}]}}