{"id":238,"date":"2015-01-21T09:09:33","date_gmt":"2015-01-21T09:09:33","guid":{"rendered":"http:\/\/hossi-im-netz.de\/wordpress\/?page_id=238"},"modified":"2023-03-10T12:29:55","modified_gmt":"2023-03-10T10:29:55","slug":"saalepegel","status":"publish","type":"page","link":"https:\/\/www.hossi-im-netz.de\/wordpress\/saalepegel\/","title":{"rendered":"Saalepegel"},"content":{"rendered":"<h2>Saalepegel<\/h2>\n<p>Auf dieser Seite k\u00f6nnen Sie den aktuellen Saalepegel (Halle Trotha, Wettin und Rothenburg\/Brucke) und dessen zeitlichen Verlauf ansehen. Ein wichtiger Grenzwert ist 3,70m f\u00fcr den Betrieb der Saalef\u00e4hre Brachwitz. Die F\u00e4hre in Wettin kann aufgrund einer anderen Bauart l\u00e4nger in Betrieb bleiben und muss erst bei ca. 5m am Pegel Wettin ihren Dienst einstellen. Die F\u00e4hre Brucke-Rothenburg kann bis einen Pegelstand in Brucke von 4,40m \u00fcbersetzen.<\/p>\n<p>Als Orientierung gilt immer der Pegel von Naumburg. Der Pegel, welcher in Naumburg erreicht wird, entspricht in etwa dem Pegelstand, welcher auch in Halle Trotha erreicht wird. Dadurch hat man schon fast eine genaue Vorhersage. Im Wesentlichen wird die Saale in Naumburg durch die Unstrut beeinflusst. Als Unsicherheit gilt noch die ungeregelte Wei\u00dfe Elster, wobei diese nicht so gro\u00dfe Wassermengen f\u00fchrt. Ein Hochwasser an beiden Fl\u00fcssen potenziert sich in Halle, da die Stadt eine Engstelle darstellt.<\/p>\n<p><span style=\"color: #ff0000;\">Rekord vom 5. Juni 2013 sind 8,16m.<\/span><\/p>\n<p><a href=\"http:\/\/www.f\u00e4hren-wettin-l\u00f6bej\u00fcn.de\" target=\"_blank\" rel=\"noopener\">Webseite F\u00e4hren Brachwitz, Wettin, Brucke\/Rothenburg<\/a><\/p>\n<h3><\/h3>\n<h2 style=\"text-align: center;\">Saalepegel Halle Trotha<\/h2>\n<p style=\"text-align: center;\"><iframe loading=\"lazy\" src=\"https:\/\/www.pegelonline.wsv.de\/charts\/OnlineVisualisierungGanglinie?pegelnummer=570810&amp;dauer=72;0&amp;imgLinien=2&amp;anordnung=untereinander&amp;imgBreite=700&amp;imgHoehe=250&amp;schriftPegelname=12&amp;schriftAchse=11&amp;anzeigeUeberschrift=false&amp;anzeigeDatenquelle=true&amp;pegelparameter=HHW,MHW,HSW,MW,MNW,NNW&amp;schriftLetzterWert=15\" width=\"715\" height=\"300\" frameborder=\"0\" marginwidth=\"0\" marginheight=\"10\" scrolling=\"no\">&amp;amp;amp;amp;amp;amp;amp;amp;amp;amp;lt;span data-mce-type=&#8220;bookmark&#8220; style=&#8220;display: inline-block; width: 0px; overflow: hidden; line-height: 0;&#8220; class=&#8220;mce_SELRES_start&#8220;&amp;amp;amp;amp;amp;amp;amp;amp;amp;amp;gt;\ufeff&amp;amp;amp;amp;amp;amp;amp;amp;amp;amp;lt;\/span&amp;amp;amp;amp;amp;amp;amp;amp;amp;amp;gt;&amp;amp;amp;amp;amp;amp;amp;amp;amp;amp;lt;span data-mce-type=&#8220;bookmark&#8220; style=&#8220;display: inline-block; width: 0px; overflow: hidden; line-height: 0;&#8220; class=&#8220;mce_SELRES_start&#8220;&amp;amp;amp;amp;amp;amp;amp;amp;amp;amp;gt;\ufeff&amp;amp;amp;amp;amp;amp;amp;amp;amp;amp;lt;\/span&amp;amp;amp;amp;amp;amp;amp;amp;amp;amp;gt;&amp;amp;amp;amp;amp;amp;amp;amp;amp;amp;lt;span data-mce-type=&#8220;bookmark&#8220; style=&#8220;display: inline-block; width: 0px; overflow: hidden; line-height: 0;&#8220; class=&#8220;mce_SELRES_start&#8220;&amp;amp;amp;amp;amp;amp;amp;amp;amp;amp;gt;\ufeff&amp;amp;amp;amp;amp;amp;amp;amp;amp;amp;lt;\/span&amp;amp;amp;amp;amp;amp;amp;amp;amp;amp;gt;&amp;amp;amp;amp;amp;amp;amp;amp;amp;amp;lt;span data-mce-type=&#8220;bookmark&#8220; style=&#8220;display: inline-block; width: 0px; overflow: hidden; line-height: 0;&#8220; class=&#8220;mce_SELRES_start&#8220;&amp;amp;amp;amp;amp;amp;amp;amp;amp;amp;gt;\ufeff&amp;amp;amp;amp;amp;amp;amp;amp;amp;amp;lt;\/span&amp;amp;amp;amp;amp;amp;amp;amp;amp;amp;gt;&amp;amp;amp;amp;amp;amp;amp;amp;amp;amp;lt;span data-mce-type=&#8220;bookmark&#8220; style=&#8220;display: inline-block; width: 0px; overflow: hidden; line-height: 0;&#8220; class=&#8220;mce_SELRES_start&#8220;&amp;amp;amp;amp;amp;amp;amp;amp;amp;amp;gt;\ufeff&amp;amp;amp;amp;amp;amp;amp;amp;amp;amp;lt;\/span&amp;amp;amp;amp;amp;amp;amp;amp;amp;amp;gt;&amp;amp;amp;amp;amp;amp;amp;amp;amp;amp;lt;span data-mce-type=&#8220;bookmark&#8220; style=&#8220;display: inline-block; width: 0px; overflow: hidden; line-height: 0;&#8220; class=&#8220;mce_SELRES_start&#8220;&amp;amp;amp;amp;amp;amp;amp;amp;amp;amp;gt;\ufeff&amp;amp;amp;amp;amp;amp;amp;amp;amp;amp;lt;\/span&amp;amp;amp;amp;amp;amp;amp;amp;amp;amp;gt;&amp;amp;amp;amp;amp;amp;amp;amp;amp;amp;lt;span data-mce-type=&#8220;bookmark&#8220; style=&#8220;display: inline-block; width: 0px; overflow: hidden; line-height: 0;&#8220; class=&#8220;mce_SELRES_start&#8220;&amp;amp;amp;amp;amp;amp;amp;amp;amp;amp;gt;\ufeff&amp;amp;amp;amp;amp;amp;amp;amp;amp;amp;lt;\/span&amp;amp;amp;amp;amp;amp;amp;amp;amp;amp;gt;&amp;amp;amp;amp;amp;amp;amp;amp;amp;amp;lt;br \/&amp;amp;amp;amp;amp;amp;amp;amp;amp;amp;gt;<\/iframe><\/p>\n<h4 style=\"text-align: center;\">Kritischer Wert f\u00fcr die F\u00e4hre Brachwitz: 3,70m<\/h4>\n<h2 style=\"text-align: center;\">Saalepegel Wettin<\/h2>\n<p style=\"text-align: center;\"><iframe loading=\"lazy\" src=\"https:\/\/www.pegelonline.wsv.de\/charts\/OnlineVisualisierungGanglinie?pegelnummer=570840&amp;dauer=72;0&amp;imgLinien=2&amp;anordnung=untereinander&amp;imgBreite=700&amp;imgHoehe=250&amp;schriftPegelname=12&amp;schriftAchse=11&amp;anzeigeUeberschrift=false&amp;anzeigeDatenquelle=true&amp;pegelparameter=HHW,MHW,HSW,MW,MNW,NNW&amp;schriftLetzterWert=15\" width=\"715\" height=\"300\" frameborder=\"0\" marginwidth=\"0\" marginheight=\"10\" scrolling=\"no\">&amp;amp;amp;amp;amp;amp;amp;amp;amp;amp;lt;span data-mce-type=&#8220;bookmark&#8220; style=&#8220;display: inline-block; width: 0px; overflow: hidden; line-height: 0;&#8220; class=&#8220;mce_SELRES_start&#8220;&amp;amp;amp;amp;amp;amp;amp;amp;amp;amp;gt;\ufeff&amp;amp;amp;amp;amp;amp;amp;amp;amp;amp;lt;\/span&amp;amp;amp;amp;amp;amp;amp;amp;amp;amp;gt;&amp;amp;amp;amp;amp;amp;amp;amp;amp;amp;lt;span data-mce-type=&#8220;bookmark&#8220; style=&#8220;display: inline-block; width: 0px; overflow: hidden; line-height: 0;&#8220; class=&#8220;mce_SELRES_start&#8220;&amp;amp;amp;amp;amp;amp;amp;amp;amp;amp;gt;\ufeff&amp;amp;amp;amp;amp;amp;amp;amp;amp;amp;lt;\/span&amp;amp;amp;amp;amp;amp;amp;amp;amp;amp;gt;&amp;amp;amp;amp;amp;amp;amp;amp;amp;amp;lt;span data-mce-type=&#8220;bookmark&#8220; style=&#8220;display: inline-block; width: 0px; overflow: hidden; line-height: 0;&#8220; class=&#8220;mce_SELRES_start&#8220;&amp;amp;amp;amp;amp;amp;amp;amp;amp;amp;gt;\ufeff&amp;amp;amp;amp;amp;amp;amp;amp;amp;amp;lt;\/span&amp;amp;amp;amp;amp;amp;amp;amp;amp;amp;gt;&amp;amp;amp;amp;amp;amp;amp;amp;amp;amp;lt;span data-mce-type=&#8220;bookmark&#8220; style=&#8220;display: inline-block; width: 0px; overflow: hidden; line-height: 0;&#8220; class=&#8220;mce_SELRES_start&#8220;&amp;amp;amp;amp;amp;amp;amp;amp;amp;amp;gt;\ufeff&amp;amp;amp;amp;amp;amp;amp;amp;amp;amp;lt;\/span&amp;amp;amp;amp;amp;amp;amp;amp;amp;amp;gt;&amp;amp;amp;amp;amp;amp;amp;amp;amp;amp;lt;span data-mce-type=&#8220;bookmark&#8220; style=&#8220;display: inline-block; width: 0px; overflow: hidden; line-height: 0;&#8220; class=&#8220;mce_SELRES_start&#8220;&amp;amp;amp;amp;amp;amp;amp;amp;amp;amp;gt;\ufeff&amp;amp;amp;amp;amp;amp;amp;amp;amp;amp;lt;\/span&amp;amp;amp;amp;amp;amp;amp;amp;amp;amp;gt;&amp;amp;amp;amp;amp;amp;amp;amp;amp;amp;lt;span data-mce-type=&#8220;bookmark&#8220; style=&#8220;display: inline-block; width: 0px; overflow: hidden; line-height: 0;&#8220; class=&#8220;mce_SELRES_start&#8220;&amp;amp;amp;amp;amp;amp;amp;amp;amp;amp;gt;\ufeff&amp;amp;amp;amp;amp;amp;amp;amp;amp;amp;lt;\/span&amp;amp;amp;amp;amp;amp;amp;amp;amp;amp;gt;&amp;amp;amp;amp;amp;amp;amp;amp;amp;amp;lt;br \/&amp;amp;amp;amp;amp;amp;amp;amp;amp;amp;gt;<\/iframe><\/p>\n<h4 style=\"text-align: center;\">Kritischer Wert f\u00fcr die F\u00e4hre Wettin: 5,50m<\/h4>\n<h2 style=\"text-align: center;\">Saalepegel Rothenburg<\/h2>\n<p style=\"text-align: center;\"><iframe loading=\"lazy\" src=\"https:\/\/www.pegelonline.wsv.de\/charts\/OnlineVisualisierungGanglinie?pegelnummer=570860&amp;dauer=72;0&amp;imgLinien=2&amp;anordnung=untereinander&amp;imgBreite=700&amp;imgHoehe=250&amp;schriftPegelname=12&amp;schriftAchse=11&amp;anzeigeUeberschrift=false&amp;anzeigeDatenquelle=true&amp;pegelparameter=HHW,MHW,HSW,MW,MNW,NNW&amp;schriftLetzterWert=15\" width=\"715\" height=\"300\" frameborder=\"0\" marginwidth=\"0\" marginheight=\"10\" scrolling=\"no\">&amp;amp;amp;amp;amp;amp;amp;amp;amp;amp;lt;span data-mce-type=&#8220;bookmark&#8220; style=&#8220;display: inline-block; width: 0px; overflow: hidden; line-height: 0;&#8220; class=&#8220;mce_SELRES_start&#8220;&amp;amp;amp;amp;amp;amp;amp;amp;amp;amp;gt;\ufeff&amp;amp;amp;amp;amp;amp;amp;amp;amp;amp;lt;\/span&amp;amp;amp;amp;amp;amp;amp;amp;amp;amp;gt;&amp;amp;amp;amp;amp;amp;amp;amp;amp;amp;lt;span data-mce-type=&#8220;bookmark&#8220; style=&#8220;display: inline-block; width: 0px; overflow: hidden; line-height: 0;&#8220; class=&#8220;mce_SELRES_start&#8220;&amp;amp;amp;amp;amp;amp;amp;amp;amp;amp;gt;\ufeff&amp;amp;amp;amp;amp;amp;amp;amp;amp;amp;lt;\/span&amp;amp;amp;amp;amp;amp;amp;amp;amp;amp;gt;&amp;amp;amp;amp;amp;amp;amp;amp;amp;amp;lt;span data-mce-type=&#8220;bookmark&#8220; style=&#8220;display: inline-block; width: 0px; overflow: hidden; line-height: 0;&#8220; class=&#8220;mce_SELRES_start&#8220;&amp;amp;amp;amp;amp;amp;amp;amp;amp;amp;gt;\ufeff&amp;amp;amp;amp;amp;amp;amp;amp;amp;amp;lt;\/span&amp;amp;amp;amp;amp;amp;amp;amp;amp;amp;gt;&amp;amp;amp;amp;amp;amp;amp;amp;amp;amp;lt;span data-mce-type=&#8220;bookmark&#8220; style=&#8220;display: inline-block; width: 0px; overflow: hidden; line-height: 0;&#8220; class=&#8220;mce_SELRES_start&#8220;&amp;amp;amp;amp;amp;amp;amp;amp;amp;amp;gt;\ufeff&amp;amp;amp;amp;amp;amp;amp;amp;amp;amp;lt;\/span&amp;amp;amp;amp;amp;amp;amp;amp;amp;amp;gt;&amp;amp;amp;amp;amp;amp;amp;amp;amp;amp;lt;span data-mce-type=&#8220;bookmark&#8220; style=&#8220;display: inline-block; width: 0px; overflow: hidden; line-height: 0;&#8220; class=&#8220;mce_SELRES_start&#8220;&amp;amp;amp;amp;amp;amp;amp;amp;amp;amp;gt;\ufeff&amp;amp;amp;amp;amp;amp;amp;amp;amp;amp;lt;\/span&amp;amp;amp;amp;amp;amp;amp;amp;amp;amp;gt;&amp;amp;amp;amp;amp;amp;amp;amp;amp;amp;lt;span data-mce-type=&#8220;bookmark&#8220; style=&#8220;display: inline-block; width: 0px; overflow: hidden; line-height: 0;&#8220; class=&#8220;mce_SELRES_start&#8220;&amp;amp;amp;amp;amp;amp;amp;amp;amp;amp;gt;\ufeff&amp;amp;amp;amp;amp;amp;amp;amp;amp;amp;lt;\/span&amp;amp;amp;amp;amp;amp;amp;amp;amp;amp;gt;&amp;amp;amp;amp;amp;amp;amp;amp;amp;amp;lt;span data-mce-type=&#8220;bookmark&#8220; style=&#8220;display: inline-block; width: 0px; overflow: hidden; line-height: 0;&#8220; class=&#8220;mce_SELRES_start&#8220;&amp;amp;amp;amp;amp;amp;amp;amp;amp;amp;gt;\ufeff&amp;amp;amp;amp;amp;amp;amp;amp;amp;amp;lt;\/span&amp;amp;amp;amp;amp;amp;amp;amp;amp;amp;gt;&amp;amp;amp;amp;amp;amp;amp;amp;amp;amp;lt;br \/&amp;amp;amp;amp;amp;amp;amp;amp;amp;amp;gt;<\/iframe><\/p>\n<h4 style=\"text-align: center;\">Kritischer Wert f\u00fcr die F\u00e4hre Rothenburg: 4,50m<\/h4>\n<h2 style=\"text-align: center;\">Saalepegel Naumburg<\/h2>\n<p><iframe loading=\"lazy\" id=\"chartframe\" style=\"border: 0px;\" src=\"https:\/\/pegelalarm.at\/paw\/chart.html?commonid=570500-de\" name=\"chartframe\" width=\"800px\" height=\"305px\"> <\/iframe><\/p>\n<p style=\"text-align: center;\">Die Pegelh\u00f6he von Naumburg wird rund 2 Tage sp\u00e4ter in Halle erreicht.<\/p>\n<h2 style=\"text-align: center;\">Pegel Wei\u00dfe Elster Oberthau<\/h2>\n<p><iframe loading=\"lazy\" id=\"chartframe\" style=\"border: 0px;\" src=\"https:\/\/pegelalarm.at\/paw\/chart.html?commonid=576900-de\" name=\"chartframe\" width=\"800px\" height=\"305px\"> <\/iframe><\/p>\n<h2><\/h2>\n<h2 style=\"text-align: center;\">Pegel Unstrut Laucha<\/h2>\n<p><iframe loading=\"lazy\" id=\"chartframe\" style=\"border: 0px;\" src=\"https:\/\/pegelalarm.at\/paw\/chart.html?commonid=573360-de\" name=\"chartframe\" width=\"800px\" height=\"305px\"> <\/iframe><\/p>\n<h2 style=\"text-align: center;\">Pegel Unstrut Wangen<\/h2>\n<p><iframe loading=\"lazy\" id=\"chartframe\" style=\"border: 0px;\" src=\"https:\/\/pegelalarm.at\/paw\/chart.html?commonid=573260-de\" name=\"chartframe\" width=\"800px\" height=\"305px\"> <\/iframe><\/p>\n<h2 style=\"text-align: center;\"><\/h2>\n<p style=\"text-align: center;\">\n<h2 style=\"text-align: center;\">Backup Pegelst\u00e4nde &#8211; falls die Daten von pegelonline mal ausfallen<\/h2>\n<p><iframe loading=\"lazy\" name=\"chartframe\" id=\"chartframe\" src=\"https:\/\/pegelalarm.at\/paw\/chart.html?commonid=570810-de\" style=\"border:0px\" width=\"800px\" height=\"305px\"> <\/iframe><br \/>\n<iframe loading=\"lazy\" name=\"chartframe\" id=\"chartframe\" src=\"https:\/\/pegelalarm.at\/paw\/chart.html?commonid=570840-de\" style=\"border:0px\" width=\"800px\" height=\"305px\"> <\/iframe><br \/>\n<iframe loading=\"lazy\" name=\"chartframe\" id=\"chartframe\" src=\"https:\/\/pegelalarm.at\/paw\/chart.html?commonid=570860-de\" style=\"border:0px\" width=\"800px\" height=\"305px\"> <\/iframe><\/p>\n","protected":false},"excerpt":{"rendered":"<p>Saalepegel Auf dieser Seite k\u00f6nnen Sie den aktuellen Saalepegel (Halle Trotha, Wettin und Rothenburg\/Brucke) und dessen zeitlichen Verlauf ansehen. Ein wichtiger Grenzwert ist 3,70m f\u00fcr den Betrieb der Saalef\u00e4hre Brachwitz. Die F\u00e4hre in Wettin kann aufgrund einer anderen Bauart l\u00e4nger <span class=\"excerpt-dots\">&hellip;<\/span> <a class=\"more-link\" href=\"https:\/\/www.hossi-im-netz.de\/wordpress\/saalepegel\/\"><span class=\"more-msg\">Weiterlesen &rarr;<\/span><\/a><\/p>\n","protected":false},"author":1,"featured_media":0,"parent":0,"menu_order":6,"comment_status":"closed","ping_status":"closed","template":"","meta":{"_exactmetrics_skip_tracking":false,"_exactmetrics_sitenote_active":false,"_exactmetrics_sitenote_note":"","_exactmetrics_sitenote_category":0,"jetpack_post_was_ever_published":false,"footnotes":""},"yst_prominent_words":[11789,11787,8163,11793,11792,11788,11786,11785,11790,11791],"class_list":["post-238","page","type-page","status-publish","hentry"],"jetpack_sharing_enabled":true,"jetpack_shortlink":"https:\/\/wp.me\/P5DnIb-3Q","jetpack-related-posts":[],"jetpack_likes_enabled":true,"_links":{"self":[{"href":"https:\/\/www.hossi-im-netz.de\/wordpress\/wp-json\/wp\/v2\/pages\/238","targetHints":{"allow":["GET"]}}],"collection":[{"href":"https:\/\/www.hossi-im-netz.de\/wordpress\/wp-json\/wp\/v2\/pages"}],"about":[{"href":"https:\/\/www.hossi-im-netz.de\/wordpress\/wp-json\/wp\/v2\/types\/page"}],"author":[{"embeddable":true,"href":"https:\/\/www.hossi-im-netz.de\/wordpress\/wp-json\/wp\/v2\/users\/1"}],"replies":[{"embeddable":true,"href":"https:\/\/www.hossi-im-netz.de\/wordpress\/wp-json\/wp\/v2\/comments?post=238"}],"version-history":[{"count":117,"href":"https:\/\/www.hossi-im-netz.de\/wordpress\/wp-json\/wp\/v2\/pages\/238\/revisions"}],"predecessor-version":[{"id":19178,"href":"https:\/\/www.hossi-im-netz.de\/wordpress\/wp-json\/wp\/v2\/pages\/238\/revisions\/19178"}],"wp:attachment":[{"href":"https:\/\/www.hossi-im-netz.de\/wordpress\/wp-json\/wp\/v2\/media?parent=238"}],"wp:term":[{"taxonomy":"yst_prominent_words","embeddable":true,"href":"https:\/\/www.hossi-im-netz.de\/wordpress\/wp-json\/wp\/v2\/yst_prominent_words?post=238"}],"curies":[{"name":"wp","href":"https:\/\/api.w.org\/{rel}","templated":true}]}}