{"id":2558,"date":"2016-02-02T23:37:43","date_gmt":"2016-02-02T21:37:43","guid":{"rendered":"http:\/\/www.hossi-im-netz.de\/wordpress\/?page_id=2558"},"modified":"2016-04-06T21:18:09","modified_gmt":"2016-04-06T19:18:09","slug":"waldbrandgefahrenindex-wbi","status":"publish","type":"page","link":"https:\/\/www.hossi-im-netz.de\/wordpress\/wetterwarnungen\/waldbrandgefahrenindex-wbi\/","title":{"rendered":"Waldbrandgefahrenindex (WBI)"},"content":{"rendered":"<h3>Waldbrandgefahrenindex (WBI)<\/h3>\n<p><img loading=\"lazy\" decoding=\"async\" class=\"alignnone\" src=\"http:\/\/www.wettergefahren.de\/DWD\/warnungen\/agrar\/wbx\/wbx_stationen.png\" alt=\"\" width=\"392\" height=\"564\" \/><\/p>\n<p><img loading=\"lazy\" decoding=\"async\" class=\"alignnone\" src=\"http:\/\/www.wettergefahren.de\/DWD\/warnungen\/agrar\/wbx\/wbx_stationen1kl.png\" alt=\"\" width=\"193\" height=\"278\" \/>\u00a0<img loading=\"lazy\" decoding=\"async\" class=\"alignnone\" src=\"http:\/\/www.wettergefahren.de\/DWD\/warnungen\/agrar\/wbx\/wbx_stationen2kl.png\" alt=\"\" width=\"193\" height=\"278\" \/><\/p>\n<p><img loading=\"lazy\" decoding=\"async\" class=\"alignnone\" src=\"http:\/\/www.wettergefahren.de\/DWD\/warnungen\/agrar\/wbx\/wbx_stationen3kl.png\" alt=\"\" width=\"193\" height=\"278\" \/>\u00a0<img loading=\"lazy\" decoding=\"async\" class=\"alignnone\" src=\"http:\/\/www.wettergefahren.de\/DWD\/warnungen\/agrar\/wbx\/wbx_stationen4kl.png\" alt=\"\" width=\"193\" height=\"278\" \/><\/p>\n<h4 style=\"text-align: justify;\">Index des meteorologischen Potentials f\u00fcr die Gef\u00e4hrdung durch Waldbrand<\/h4>\n<p style=\"text-align: justify;\">Der Waldbrandgefahrenindex (<abbr title=\"Waldbrandgefahrenindex\">WBI<\/abbr>) beschreibt das meteorologische Potential f\u00fcr die Gef\u00e4hrdung durch Waldbrand. Er zeigt die Waldbrandgefahr in 5 Gefahrenstufen an: 1 = sehr geringe Gefahr (gr\u00fcn) bis 5 = sehr hohe Gefahr (rot).<\/p>\n<p style=\"text-align: justify;\">Der\u00a0<abbr title=\"Waldbrandgefahrenindex\">WBI<\/abbr>\u00a0dient den f\u00fcr die Waldbrandvorsorge verantwortlichen Landesbeh\u00f6rden zur Einsch\u00e4tzung der Waldbrandgefahr und zur Herausgabe von Warnungen. Die Waldbrandgefahrenstufen des\u00a0<abbr title=\"Deutscher Wetterdienst\">DWD<\/abbr>bilden somit die Grundlage f\u00fcr eine auf Landesebene harmonisierte Waldbrandgefahrendarstellung. Die \u00f6rtliche Einsch\u00e4tzung der Waldbrandgefahr kann vom\u00a0<abbr title=\"Deutscher Wetterdienst\">DWD<\/abbr>-Produkt abweichen. Weitere Informationen hierzu finden Sie auf den Internetseiten der Landesforstbeh\u00f6rden, die Sie \u00fcber\u00a0<a class=\"RichTextExtLink ExternalLink\" title=\"Externer Link\u00a0www.wald-online.de (\u00d6ffnet\u00a0neues\u00a0Fenster)\" href=\"http:\/\/www.wald-online.de\/\" target=\"_blank\">www.wald-online.de<\/a>\u00a0erreichen.<\/p>\n<p>In den Karten werden die Vorhersagen zum Waldbrandgefahrenindex f\u00fcr den aktuellen Tag und die 4 Folgetage dargestellt.<\/p>\n<p>(Ausgabezeitraum:\u00a0<abbr title=\"in der Regel\">i.d.R.<\/abbr>\u00a0M\u00e4rz bis Oktober)<\/p>\n","protected":false},"excerpt":{"rendered":"<p>Waldbrandgefahrenindex (WBI) \u00a0 \u00a0 Index des meteorologischen Potentials f\u00fcr die Gef\u00e4hrdung durch Waldbrand Der Waldbrandgefahrenindex (WBI) beschreibt das meteorologische Potential f\u00fcr die Gef\u00e4hrdung durch Waldbrand. Er zeigt die Waldbrandgefahr in 5 Gefahrenstufen an: 1 = sehr geringe Gefahr (gr\u00fcn) bis <span class=\"excerpt-dots\">&hellip;<\/span> <a class=\"more-link\" href=\"https:\/\/www.hossi-im-netz.de\/wordpress\/wetterwarnungen\/waldbrandgefahrenindex-wbi\/\"><span class=\"more-msg\">Weiterlesen &rarr;<\/span><\/a><\/p>\n","protected":false},"author":1,"featured_media":0,"parent":123,"menu_order":0,"comment_status":"closed","ping_status":"closed","template":"","meta":{"_exactmetrics_skip_tracking":false,"_exactmetrics_sitenote_active":false,"_exactmetrics_sitenote_note":"","_exactmetrics_sitenote_category":0,"jetpack_post_was_ever_published":false,"footnotes":""},"yst_prominent_words":[],"class_list":["post-2558","page","type-page","status-publish","hentry"],"jetpack_sharing_enabled":true,"jetpack_shortlink":"https:\/\/wp.me\/P5DnIb-Fg","jetpack-related-posts":[],"jetpack_likes_enabled":true,"_links":{"self":[{"href":"https:\/\/www.hossi-im-netz.de\/wordpress\/wp-json\/wp\/v2\/pages\/2558","targetHints":{"allow":["GET"]}}],"collection":[{"href":"https:\/\/www.hossi-im-netz.de\/wordpress\/wp-json\/wp\/v2\/pages"}],"about":[{"href":"https:\/\/www.hossi-im-netz.de\/wordpress\/wp-json\/wp\/v2\/types\/page"}],"author":[{"embeddable":true,"href":"https:\/\/www.hossi-im-netz.de\/wordpress\/wp-json\/wp\/v2\/users\/1"}],"replies":[{"embeddable":true,"href":"https:\/\/www.hossi-im-netz.de\/wordpress\/wp-json\/wp\/v2\/comments?post=2558"}],"version-history":[{"count":4,"href":"https:\/\/www.hossi-im-netz.de\/wordpress\/wp-json\/wp\/v2\/pages\/2558\/revisions"}],"predecessor-version":[{"id":3210,"href":"https:\/\/www.hossi-im-netz.de\/wordpress\/wp-json\/wp\/v2\/pages\/2558\/revisions\/3210"}],"up":[{"embeddable":true,"href":"https:\/\/www.hossi-im-netz.de\/wordpress\/wp-json\/wp\/v2\/pages\/123"}],"wp:attachment":[{"href":"https:\/\/www.hossi-im-netz.de\/wordpress\/wp-json\/wp\/v2\/media?parent=2558"}],"wp:term":[{"taxonomy":"yst_prominent_words","embeddable":true,"href":"https:\/\/www.hossi-im-netz.de\/wordpress\/wp-json\/wp\/v2\/yst_prominent_words?post=2558"}],"curies":[{"name":"wp","href":"https:\/\/api.w.org\/{rel}","templated":true}]}}