{"id":2694,"date":"2016-02-12T09:45:21","date_gmt":"2016-02-12T07:45:21","guid":{"rendered":"http:\/\/www.hossi-im-netz.de\/wordpress\/?page_id=2694"},"modified":"2016-04-21T13:51:33","modified_gmt":"2016-04-21T11:51:33","slug":"radioaktivitaet","status":"publish","type":"page","link":"https:\/\/www.hossi-im-netz.de\/wordpress\/wetter\/radioaktivitaet\/","title":{"rendered":"Radioaktivit\u00e4t"},"content":{"rendered":"<h2>Radioaktivit\u00e4t<\/h2>\n<p>Quelle: <a href=\"http:\/\/www.bfs.de\/DE\/home\/home_node.html\" target=\"_blank\">Bundesamt f\u00fcr Strahlenschutz<\/a><\/p>\n<p>Messstelle: Halle 06118<\/p>\n<p><iframe loading=\"lazy\" src=\"http:\/\/odlinfo.bfs.de\/DE\/aktuelles\/messstelle\/152020001.html\" name=\"SELFHTML_in_a_box\" width=\"100%\" height=\"1000\">Ihr Browser kann leider keine eingebetteten Frames anzeigen:<br \/>\nSie k\u00f6nnen die eingebettete Seite \u00fcber den folgenden Verweis<br \/>\naufrufen: <a href=\"http:\/\/odlinfo.bfs.de\/DE\/aktuelles\/messstelle\/152020001.html\">SELFHTML<\/a><\/p>\n<p>&nbsp;<\/p>\n<h3>Stundenmesswerte<\/h3>\n<p><img loading=\"lazy\" decoding=\"async\" class=\"alignnone\" src=\"http:\/\/odlinfo.bfs.de\/messwerte_h2\/152020001.png\" alt=\"\" width=\"1012\" height=\"500\" \/><\/p>\n<p>&nbsp;<\/p>\n<h3>Tagesmittelwerte<\/h3>\n<p><img loading=\"lazy\" decoding=\"async\" class=\"alignnone\" src=\"http:\/\/odlinfo.bfs.de\/messwerte\/152020001.png\" alt=\"\" width=\"1012\" height=\"500\" \/><\/p>\n<p>&nbsp;<\/p>\n<p class=\"v_text_l_b\" align=\"left\">Die dargestellten Grafiken zeigen die Gamma-Ortsdosisleistung (ODL) an der Messstelle Halle:<\/p>\n<p class=\"v_text_l\" align=\"justify\">Die obere Abbildung zeigt den Verlauf der ODL in \u00b5Sv\/h der vergangenen sieben Tage als Stundenmittelwert (blaue Balken). Diese Zeitreihen werden alle 6 Stunden neu erstellt. Der Schwellenwert (zur Erkl\u00e4rung siehe <strong>FAQ<\/strong>) ist als gr\u00fcne Linie dargestellt. Der vom Deutschen Wetterdienst (DWD) mit Hilfe des Wetterradars bestimmte Niederschlag an dieser Messstelle, ist als rote Kurve dargestellt. Die untere Abbildung zeigt den Verlauf der ODL der letzten 365 Tage, jeweils als Tagesmittelwert und den individuellen Schwellenwert. Messwerte die \u00fcber dem Schwellenwert liegen, werden automatisch zur weiteren Pr\u00fcfung durch Fachleute des BfS markiert. Wird der Schwellenwert bei zwei benachbarten Stationen \u00fcberschritten, wird in der Messnetzzentrale eine sogenannte Fr\u00fchwarnmeldung ausgel\u00f6st und die Rufbereitschaft zur Kl\u00e4rung der Situation gerufen.<\/p>\n<p>&nbsp;<\/p>\n<p>&nbsp;<\/p>\n","protected":false},"excerpt":{"rendered":"<p>Radioaktivit\u00e4t Quelle: Bundesamt f\u00fcr Strahlenschutz Messstelle: Halle 06118 Ihr Browser kann leider keine eingebetteten Frames anzeigen: Sie k\u00f6nnen die eingebettete Seite \u00fcber den folgenden Verweis aufrufen: SELFHTML &nbsp; Stundenmesswerte &nbsp; Tagesmittelwerte &nbsp; Die dargestellten Grafiken zeigen die Gamma-Ortsdosisleistung (ODL) an <span class=\"excerpt-dots\">&hellip;<\/span> <a class=\"more-link\" href=\"https:\/\/www.hossi-im-netz.de\/wordpress\/wetter\/radioaktivitaet\/\"><span class=\"more-msg\">Weiterlesen &rarr;<\/span><\/a><\/p>\n","protected":false},"author":1,"featured_media":0,"parent":145,"menu_order":9,"comment_status":"closed","ping_status":"closed","template":"","meta":{"_exactmetrics_skip_tracking":false,"_exactmetrics_sitenote_active":false,"_exactmetrics_sitenote_note":"","_exactmetrics_sitenote_category":0,"jetpack_post_was_ever_published":false,"footnotes":""},"yst_prominent_words":[5474,8646,8642,4393,4558,8648,8645,8649,8647,2203,8644,6229,8643,8641],"class_list":["post-2694","page","type-page","status-publish","hentry"],"jetpack_sharing_enabled":true,"jetpack_shortlink":"https:\/\/wp.me\/P5DnIb-Hs","jetpack-related-posts":[],"jetpack_likes_enabled":true,"_links":{"self":[{"href":"https:\/\/www.hossi-im-netz.de\/wordpress\/wp-json\/wp\/v2\/pages\/2694","targetHints":{"allow":["GET"]}}],"collection":[{"href":"https:\/\/www.hossi-im-netz.de\/wordpress\/wp-json\/wp\/v2\/pages"}],"about":[{"href":"https:\/\/www.hossi-im-netz.de\/wordpress\/wp-json\/wp\/v2\/types\/page"}],"author":[{"embeddable":true,"href":"https:\/\/www.hossi-im-netz.de\/wordpress\/wp-json\/wp\/v2\/users\/1"}],"replies":[{"embeddable":true,"href":"https:\/\/www.hossi-im-netz.de\/wordpress\/wp-json\/wp\/v2\/comments?post=2694"}],"version-history":[{"count":2,"href":"https:\/\/www.hossi-im-netz.de\/wordpress\/wp-json\/wp\/v2\/pages\/2694\/revisions"}],"predecessor-version":[{"id":3346,"href":"https:\/\/www.hossi-im-netz.de\/wordpress\/wp-json\/wp\/v2\/pages\/2694\/revisions\/3346"}],"up":[{"embeddable":true,"href":"https:\/\/www.hossi-im-netz.de\/wordpress\/wp-json\/wp\/v2\/pages\/145"}],"wp:attachment":[{"href":"https:\/\/www.hossi-im-netz.de\/wordpress\/wp-json\/wp\/v2\/media?parent=2694"}],"wp:term":[{"taxonomy":"yst_prominent_words","embeddable":true,"href":"https:\/\/www.hossi-im-netz.de\/wordpress\/wp-json\/wp\/v2\/yst_prominent_words?post=2694"}],"curies":[{"name":"wp","href":"https:\/\/api.w.org\/{rel}","templated":true}]}}