{"id":3225,"date":"2016-04-07T21:22:49","date_gmt":"2016-04-07T19:22:49","guid":{"rendered":"http:\/\/www.hossi-im-netz.de\/wordpress\/?page_id=3225"},"modified":"2017-02-07T21:17:04","modified_gmt":"2017-02-07T19:17:04","slug":"thermischer-gefahrenindex","status":"publish","type":"page","link":"https:\/\/www.hossi-im-netz.de\/wordpress\/wetterwarnungen\/thermischer-gefahrenindex\/","title":{"rendered":"Thermischer Gefahrenindex"},"content":{"rendered":"<h2>Thermischer Gefahrenindex<br \/>\n<img loading=\"lazy\" decoding=\"async\" class=\"alignnone\" src=\"http:\/\/www.wettergefahren.de\/DWD\/warnungen\/medizin\/gt\/g_t_brd14.gif\" alt=\"\" width=\"600\" height=\"704\" \/><\/h2>\n<p style=\"text-align: justify;\">Der thermische Gefahrenindex beruht auf der Bewertung der meteorologischen Umgebungsbedingungen \u00fcber die Gef\u00fchlte Temperatur. Die Beanspruchung des Organismus und damit die gesundheitliche Gef\u00e4hrdung steigt mit zunehmender Abweichung vom Behaglichkeitsbereich (0 bis 20\u00b0C Gef\u00fchlte Temperatur) sowohl zum Warmen als auch zum Kalten hin. Verhaltensanpassung wie beispielsweise angepasste Bekleidung oder das Vermeiden direkter Sonne unter warmen Bedingungen verringert die Gef\u00e4hrdung.<\/p>\n<p style=\"text-align: justify;\"><img loading=\"lazy\" decoding=\"async\" class=\"alignnone size-large\" src=\"http:\/\/www.dwd.de\/DWD\/warnungen\/medizin\/gt\/g_t_brd02.gif\" width=\"600\" height=\"704\" \/><\/p>\n<p style=\"text-align: justify;\"><img loading=\"lazy\" decoding=\"async\" class=\"alignnone size-large\" src=\"http:\/\/www.dwd.de\/DWD\/warnungen\/medizin\/gt\/g_t_brd08.gif\" width=\"600\" height=\"704\" \/><\/p>\n<p style=\"text-align: justify;\"><img loading=\"lazy\" decoding=\"async\" class=\"alignnone size-large\" src=\"http:\/\/www.dwd.de\/DWD\/warnungen\/medizin\/gt\/g_t_brd14.gif\" width=\"600\" height=\"704\" \/><\/p>\n<p style=\"text-align: justify;\"><img loading=\"lazy\" decoding=\"async\" class=\"alignnone size-large\" src=\"http:\/\/www.dwd.de\/DWD\/warnungen\/medizin\/gt\/g_t_brd20.gif\" width=\"600\" height=\"704\" \/><\/p>\n<p style=\"text-align: justify;\"><img loading=\"lazy\" decoding=\"async\" class=\"alignnone size-large\" src=\"http:\/\/www.dwd.de\/DWD\/warnungen\/medizin\/gt\/g_t_brd26.gif\" width=\"600\" height=\"704\" \/><\/p>\n<p style=\"text-align: justify;\"><img loading=\"lazy\" decoding=\"async\" class=\"alignnone size-large\" src=\"http:\/\/www.dwd.de\/DWD\/warnungen\/medizin\/gt\/g_t_brd32.gif\" width=\"600\" height=\"704\" \/><\/p>\n<p style=\"text-align: justify;\"><img loading=\"lazy\" decoding=\"async\" class=\"alignnone size-large\" src=\"http:\/\/www.dwd.de\/DWD\/warnungen\/medizin\/gt\/g_t_brd38.gif\" width=\"600\" height=\"704\" \/><\/p>\n<p style=\"text-align: justify;\"><img loading=\"lazy\" decoding=\"async\" class=\"alignnone size-large\" src=\"http:\/\/www.dwd.de\/DWD\/warnungen\/medizin\/gt\/g_t_brd44.gif\" width=\"600\" height=\"704\" \/><\/p>\n<p style=\"text-align: justify;\"><img loading=\"lazy\" decoding=\"async\" class=\"alignnone size-large\" src=\"http:\/\/www.dwd.de\/DWD\/warnungen\/medizin\/gt\/g_t_brd50.gif\" width=\"600\" height=\"704\" \/><\/p>\n<p style=\"text-align: justify;\"><img loading=\"lazy\" decoding=\"async\" class=\"alignnone size-large\" src=\"http:\/\/www.dwd.de\/DWD\/warnungen\/medizin\/gt\/g_t_brd56.gif\" width=\"600\" height=\"704\" \/><\/p>\n<p style=\"text-align: justify;\"><img loading=\"lazy\" decoding=\"async\" class=\"alignnone size-large\" src=\"http:\/\/www.dwd.de\/DWD\/warnungen\/medizin\/gt\/g_t_brd62.gif\" width=\"600\" height=\"704\" \/><\/p>\n<p style=\"text-align: justify;\"><img loading=\"lazy\" decoding=\"async\" class=\"alignnone size-large\" src=\"http:\/\/www.dwd.de\/DWD\/warnungen\/medizin\/gt\/g_t_brd68.gif\" width=\"600\" height=\"704\" \/><\/p>\n<p style=\"text-align: justify;\"><img loading=\"lazy\" decoding=\"async\" class=\"alignnone size-large\" src=\"http:\/\/www.dwd.de\/DWD\/warnungen\/medizin\/gt\/g_t_brd74.gif\" width=\"600\" height=\"704\" \/><\/p>\n","protected":false},"excerpt":{"rendered":"<p>Thermischer Gefahrenindex Der thermische Gefahrenindex beruht auf der Bewertung der meteorologischen Umgebungsbedingungen \u00fcber die Gef\u00fchlte Temperatur. Die Beanspruchung des Organismus und damit die gesundheitliche Gef\u00e4hrdung steigt mit zunehmender Abweichung vom Behaglichkeitsbereich (0 bis 20\u00b0C Gef\u00fchlte Temperatur) sowohl zum Warmen als <span class=\"excerpt-dots\">&hellip;<\/span> <a class=\"more-link\" href=\"https:\/\/www.hossi-im-netz.de\/wordpress\/wetterwarnungen\/thermischer-gefahrenindex\/\"><span class=\"more-msg\">Weiterlesen &rarr;<\/span><\/a><\/p>\n","protected":false},"author":1,"featured_media":0,"parent":123,"menu_order":0,"comment_status":"closed","ping_status":"closed","template":"","meta":{"_exactmetrics_skip_tracking":false,"_exactmetrics_sitenote_active":false,"_exactmetrics_sitenote_note":"","_exactmetrics_sitenote_category":0,"jetpack_post_was_ever_published":false,"footnotes":""},"yst_prominent_words":[2652,2650,2651,2649,1629,2653],"class_list":["post-3225","page","type-page","status-publish","hentry"],"jetpack_sharing_enabled":true,"jetpack_shortlink":"https:\/\/wp.me\/P5DnIb-Q1","jetpack-related-posts":[],"jetpack_likes_enabled":true,"_links":{"self":[{"href":"https:\/\/www.hossi-im-netz.de\/wordpress\/wp-json\/wp\/v2\/pages\/3225","targetHints":{"allow":["GET"]}}],"collection":[{"href":"https:\/\/www.hossi-im-netz.de\/wordpress\/wp-json\/wp\/v2\/pages"}],"about":[{"href":"https:\/\/www.hossi-im-netz.de\/wordpress\/wp-json\/wp\/v2\/types\/page"}],"author":[{"embeddable":true,"href":"https:\/\/www.hossi-im-netz.de\/wordpress\/wp-json\/wp\/v2\/users\/1"}],"replies":[{"embeddable":true,"href":"https:\/\/www.hossi-im-netz.de\/wordpress\/wp-json\/wp\/v2\/comments?post=3225"}],"version-history":[{"count":3,"href":"https:\/\/www.hossi-im-netz.de\/wordpress\/wp-json\/wp\/v2\/pages\/3225\/revisions"}],"predecessor-version":[{"id":6347,"href":"https:\/\/www.hossi-im-netz.de\/wordpress\/wp-json\/wp\/v2\/pages\/3225\/revisions\/6347"}],"up":[{"embeddable":true,"href":"https:\/\/www.hossi-im-netz.de\/wordpress\/wp-json\/wp\/v2\/pages\/123"}],"wp:attachment":[{"href":"https:\/\/www.hossi-im-netz.de\/wordpress\/wp-json\/wp\/v2\/media?parent=3225"}],"wp:term":[{"taxonomy":"yst_prominent_words","embeddable":true,"href":"https:\/\/www.hossi-im-netz.de\/wordpress\/wp-json\/wp\/v2\/yst_prominent_words?post=3225"}],"curies":[{"name":"wp","href":"https:\/\/api.w.org\/{rel}","templated":true}]}}