{"id":3644,"date":"2016-05-09T21:24:11","date_gmt":"2016-05-09T19:24:11","guid":{"rendered":"http:\/\/www.hossi-im-netz.de\/wordpress\/?page_id=3644"},"modified":"2016-06-05T13:19:41","modified_gmt":"2016-06-05T11:19:41","slug":"frostwahrscheinlichkeiten","status":"publish","type":"page","link":"https:\/\/www.hossi-im-netz.de\/wordpress\/gartenwetter\/frostwahrscheinlichkeiten\/","title":{"rendered":"Frostwahrscheinlichkeiten"},"content":{"rendered":"<h2>Frostwahrscheinlichkeiten<\/h2>\n<p style=\"text-align: justify;\">Das Klima ist definiert als die Zusammenfassung der Wettererscheinungen, die den mittleren Zustand der Atmosph\u00e4re charakterisieren. F\u00fcr den Freizeitg\u00e4rtner und die Freizeitg\u00e4rtnerin wird das Klima immer dann wichtig, wenn es um die Planung der Bepflanzung im Garten geht. Oder um die Frage, ab wann bestimmte Pflanzen im Fr\u00fchjahr wieder ins Freie gestellt werden k\u00f6nnen, so dass sie h\u00f6chstwahrscheinlich keinen Frost mehr abbekommen. In Deutschland ist das Auftreten von Frost daher oft von gro\u00dfem Interesse.<\/p>\n<h3 style=\"text-align: justify;\">Langj\u00e4hrige Eintrittswahrscheinlichkeit<\/h3>\n<p style=\"text-align: justify;\">In den Deutschlandkarten ist jeweils der fr\u00fchste Termin im Herbst bzw. sp\u00e4teste Termin im Fr\u00fchjahr dargestellt, an dem das Minimum der Lufttemperatur in 2\u00a0m H\u00f6he im Zeitraum 1981 bis zum Vorjahr auf bzw. unter einen Wert von 0\u00a0\u00b0C (Frost), -5\u00a0\u00b0C (m\u00e4\u00dfiger Frost) oder -10\u00a0\u00b0C (starker Frost) gefallen ist.<\/p>\n<p style=\"text-align: justify;\">Die Aktualisierung der Karten erfolgt einmal im Jahr am 15. Juli.<\/p>\n<p>&nbsp;<\/p>\n<p><img loading=\"lazy\" decoding=\"async\" class=\"aligncenter\" src=\"http:\/\/www.dwd.de\/DE\/fachnutzer\/freizeitgaertner\/3_gartenklima\/3_2_frosttermine\/frost_first_00.png?__blob=poster&amp;v=9\" width=\"392\" height=\"564\" \/><\/p>\n<p><img loading=\"lazy\" decoding=\"async\" class=\"aligncenter\" src=\"http:\/\/www.dwd.de\/DE\/fachnutzer\/freizeitgaertner\/3_gartenklima\/3_2_frosttermine\/frost_first_05.png?__blob=poster&amp;v=7\" width=\"392\" height=\"564\" \/><\/p>\n<p><img loading=\"lazy\" decoding=\"async\" class=\"aligncenter\" src=\"http:\/\/www.dwd.de\/DE\/fachnutzer\/freizeitgaertner\/3_gartenklima\/3_2_frosttermine\/frost_first_10.png?__blob=poster&amp;v=8\" width=\"392\" height=\"564\" \/><\/p>\n<p><img loading=\"lazy\" decoding=\"async\" class=\"aligncenter\" src=\"http:\/\/www.dwd.de\/DE\/fachnutzer\/freizeitgaertner\/3_gartenklima\/3_2_frosttermine\/frost_last_10.png?__blob=poster&amp;v=6\" width=\"392\" height=\"564\" \/><\/p>\n<p><img loading=\"lazy\" decoding=\"async\" class=\"aligncenter\" src=\"http:\/\/www.dwd.de\/DE\/fachnutzer\/freizeitgaertner\/3_gartenklima\/3_2_frosttermine\/frost_last_05.png?__blob=poster&amp;v=7\" width=\"392\" height=\"564\" \/><\/p>\n<p><img loading=\"lazy\" decoding=\"async\" class=\"aligncenter\" src=\"http:\/\/www.dwd.de\/DE\/fachnutzer\/freizeitgaertner\/3_gartenklima\/3_2_frosttermine\/frost_last_00.png?__blob=poster&amp;v=8\" width=\"392\" height=\"564\" \/><\/p>\n","protected":false},"excerpt":{"rendered":"<p>Frostwahrscheinlichkeiten Das Klima ist definiert als die Zusammenfassung der Wettererscheinungen, die den mittleren Zustand der Atmosph\u00e4re charakterisieren. F\u00fcr den Freizeitg\u00e4rtner und die Freizeitg\u00e4rtnerin wird das Klima immer dann wichtig, wenn es um die Planung der Bepflanzung im Garten geht. Oder <span class=\"excerpt-dots\">&hellip;<\/span> <a class=\"more-link\" href=\"https:\/\/www.hossi-im-netz.de\/wordpress\/gartenwetter\/frostwahrscheinlichkeiten\/\"><span class=\"more-msg\">Weiterlesen &rarr;<\/span><\/a><\/p>\n","protected":false},"author":1,"featured_media":0,"parent":3637,"menu_order":0,"comment_status":"closed","ping_status":"closed","template":"","meta":{"_exactmetrics_skip_tracking":false,"_exactmetrics_sitenote_active":false,"_exactmetrics_sitenote_note":"","_exactmetrics_sitenote_category":0,"jetpack_post_was_ever_published":false,"footnotes":""},"yst_prominent_words":[],"class_list":["post-3644","page","type-page","status-publish","hentry"],"jetpack_sharing_enabled":true,"jetpack_shortlink":"https:\/\/wp.me\/P5DnIb-WM","jetpack-related-posts":[],"jetpack_likes_enabled":true,"_links":{"self":[{"href":"https:\/\/www.hossi-im-netz.de\/wordpress\/wp-json\/wp\/v2\/pages\/3644","targetHints":{"allow":["GET"]}}],"collection":[{"href":"https:\/\/www.hossi-im-netz.de\/wordpress\/wp-json\/wp\/v2\/pages"}],"about":[{"href":"https:\/\/www.hossi-im-netz.de\/wordpress\/wp-json\/wp\/v2\/types\/page"}],"author":[{"embeddable":true,"href":"https:\/\/www.hossi-im-netz.de\/wordpress\/wp-json\/wp\/v2\/users\/1"}],"replies":[{"embeddable":true,"href":"https:\/\/www.hossi-im-netz.de\/wordpress\/wp-json\/wp\/v2\/comments?post=3644"}],"version-history":[{"count":5,"href":"https:\/\/www.hossi-im-netz.de\/wordpress\/wp-json\/wp\/v2\/pages\/3644\/revisions"}],"predecessor-version":[{"id":4036,"href":"https:\/\/www.hossi-im-netz.de\/wordpress\/wp-json\/wp\/v2\/pages\/3644\/revisions\/4036"}],"up":[{"embeddable":true,"href":"https:\/\/www.hossi-im-netz.de\/wordpress\/wp-json\/wp\/v2\/pages\/3637"}],"wp:attachment":[{"href":"https:\/\/www.hossi-im-netz.de\/wordpress\/wp-json\/wp\/v2\/media?parent=3644"}],"wp:term":[{"taxonomy":"yst_prominent_words","embeddable":true,"href":"https:\/\/www.hossi-im-netz.de\/wordpress\/wp-json\/wp\/v2\/yst_prominent_words?post=3644"}],"curies":[{"name":"wp","href":"https:\/\/api.w.org\/{rel}","templated":true}]}}