{"id":3646,"date":"2016-05-09T21:41:52","date_gmt":"2016-05-09T19:41:52","guid":{"rendered":"http:\/\/www.hossi-im-netz.de\/wordpress\/?page_id=3646"},"modified":"2016-05-10T21:25:36","modified_gmt":"2016-05-10T19:25:36","slug":"pflanzenentwicklung","status":"publish","type":"page","link":"https:\/\/www.hossi-im-netz.de\/wordpress\/gartenwetter\/pflanzenentwicklung\/","title":{"rendered":"Pflanzenentwicklung"},"content":{"rendered":"<h2 style=\"text-align: justify;\">Pflanzenentwicklung<\/h2>\n<p style=\"text-align: justify;\">\n<h2 style=\"text-align: justify;\">Aktuelle Vegetationsentwicklung<\/h2>\n<p style=\"text-align: justify;\">Die aktuelle Pflanzenentwicklung wird anhand ph\u00e4nologischer Phasen beobachtet. Die Ph\u00e4nologie ist allgemein die &#8222;Lehre von den (nat\u00fcrlichen) Erscheinungen&#8220;. Die Ph\u00e4nologie im Deutschen Wetterdienst beinhaltet die Erfassung der periodischen Wachstums- und Entwicklungserscheinungen von wildwachsenden Pflanzen und landwirtschaftlichen Kulturpflanzen sowie der Eintrittstermine landwirtschaftlicher Arbeiten. Diese Daten sind f\u00fcr viele Fragestellungen in der Landwirtschaft, aber auch f\u00fcr Medien- und Reiseunternehmen (Obstbl\u00fcte) sowie in der Medizin (Pollen, Allergien) von gro\u00dfem Interesse. Zu beachten ist aber, dass nicht alle Kulturen \u00fcberall in Deutschland angebaut werden.<\/p>\n<p style=\"text-align: justify;\"><em>Ein Punkt (ohne Datum) in der Grafik bedeutet: F\u00fcr diesen Standort liegt noch keine Meldung der entsprechenden ph\u00e4nologischen Phase vor.<\/em><\/p>\n<p style=\"text-align: justify;\"><img loading=\"lazy\" decoding=\"async\" class=\"alignnone\" src=\"http:\/\/www.dwd.de\/DWD\/klima\/agrar\/phaeno\/phaeno_akt_aktu_dl.png\" width=\"423\" height=\"704\" \/>\u00a0<img loading=\"lazy\" decoding=\"async\" class=\"alignnone\" src=\"http:\/\/www.dwd.de\/DWD\/klima\/agrar\/phaeno\/phaeno_akt_aktu_st.png\" width=\"423\" height=\"670\" \/><\/p>\n<p style=\"text-align: justify;\">\n<h2 style=\"text-align: justify;\">Ph\u00e4nologische Uhr<\/h2>\n<p style=\"text-align: justify;\">Aus den Eintrittszeiten charakteristischer Vegetationsstadien kann das ph\u00e4nologische Jahr konstruiert und in einer sogenannten Ph\u00e4nologischen Uhr darstellt werden. Jede ph\u00e4nologische Jahreszeit wird durch eine Leitphase er\u00f6ffnet und endet mit dem Beginn der n\u00e4chsten Jahreszeit.<\/p>\n<p style=\"text-align: justify;\">Im \u00e4u\u00dferen Ring der hier dargestellten ph\u00e4nologischen Doppeluhr ist der langj\u00e4hrige mittlere Verlauf der ph\u00e4nologischen Jahreszeiten dargestellt. Im Vergleich dazu ist der aktuelle Verlauf der ph\u00e4nologischen Jahreszeiten im inneren Ring abgebildet.<\/p>\n<p style=\"text-align: justify;\"><img loading=\"lazy\" decoding=\"async\" class=\"alignnone\" src=\"http:\/\/www.dwd.de\/DWD\/klima\/agrar\/phaeno\/phaeno_uhr_ST.png\" width=\"600\" height=\"500\" \/><\/p>\n<p style=\"text-align: justify;\"><img loading=\"lazy\" decoding=\"async\" class=\"alignnone\" src=\"http:\/\/www.dwd.de\/DWD\/klima\/agrar\/phaeno\/phaeno_uhr_DL.png\" width=\"600\" height=\"500\" \/><\/p>\n<h2 style=\"text-align: justify;\">Mittelwerte der ph\u00e4nologischen Eintrittstermine<\/h2>\n<p style=\"text-align: justify;\">F\u00fcr Deutschland und die Bundesl\u00e4nder werden die mittleren Eintrittstermine und deren statistische Verteilung f\u00fcr ausgew\u00e4hlte ph\u00e4nologische Phasen dargestellt. Die Eintrittszeiten charakteristischer Vegetationsstadien werden von meist ehrenamtlich t\u00e4tigen Beobachtern des Deutschen Wetterdienstes beobachtet und festgehalten. Anhand bestimmter statistischer Kenngr\u00f6\u00dfen l\u00e4sst sich ein Ph\u00e4nologischer Kalender konstruieren.<\/p>\n<p style=\"text-align: justify;\">Der gelbe Bereich (&#8222;Normalbereich&#8220;) in den Diagrammen gibt den Zeitraum an, in dem die betreffende ph\u00e4nologische Phase in mehr als der H\u00e4lfte der Jahre aufgetreten ist. Als Vergleichszeitraum werden die Jahre von 1992 bis zum Vorjahr verwendet. Die Raute zeigt den Mittelwert in der jeweiligen Region f\u00fcr die aktuelle Saison an. So l\u00e4sst sich erkennen, ob die Phase im aktuellen Jahr besonders fr\u00fch oder sp\u00e4t aufgetreten ist.<\/p>\n<p style=\"text-align: justify;\"><img loading=\"lazy\" decoding=\"async\" class=\"alignnone\" src=\"http:\/\/www.dwd.de\/DWD\/klima\/agrar\/phaeno\/phaeno_tmittel_DL.png\" width=\"690\" height=\"583\" \/><\/p>\n<p style=\"text-align: justify;\"><img loading=\"lazy\" decoding=\"async\" class=\"alignnone\" src=\"http:\/\/www.dwd.de\/DWD\/klima\/agrar\/phaeno\/phaeno_tmittel_ST.png\" width=\"690\" height=\"583\" \/><\/p>\n","protected":false},"excerpt":{"rendered":"<p>Pflanzenentwicklung Aktuelle Vegetationsentwicklung Die aktuelle Pflanzenentwicklung wird anhand ph\u00e4nologischer Phasen beobachtet. Die Ph\u00e4nologie ist allgemein die &#8222;Lehre von den (nat\u00fcrlichen) Erscheinungen&#8220;. Die Ph\u00e4nologie im Deutschen Wetterdienst beinhaltet die Erfassung der periodischen Wachstums- und Entwicklungserscheinungen von wildwachsenden Pflanzen und landwirtschaftlichen Kulturpflanzen <span class=\"excerpt-dots\">&hellip;<\/span> <a class=\"more-link\" href=\"https:\/\/www.hossi-im-netz.de\/wordpress\/gartenwetter\/pflanzenentwicklung\/\"><span class=\"more-msg\">Weiterlesen &rarr;<\/span><\/a><\/p>\n","protected":false},"author":1,"featured_media":0,"parent":3637,"menu_order":0,"comment_status":"closed","ping_status":"closed","template":"","meta":{"_exactmetrics_skip_tracking":false,"_exactmetrics_sitenote_active":false,"_exactmetrics_sitenote_note":"","_exactmetrics_sitenote_category":0,"jetpack_post_was_ever_published":false,"footnotes":""},"yst_prominent_words":[],"class_list":["post-3646","page","type-page","status-publish","hentry"],"jetpack_sharing_enabled":true,"jetpack_shortlink":"https:\/\/wp.me\/P5DnIb-WO","jetpack-related-posts":[],"jetpack_likes_enabled":true,"_links":{"self":[{"href":"https:\/\/www.hossi-im-netz.de\/wordpress\/wp-json\/wp\/v2\/pages\/3646","targetHints":{"allow":["GET"]}}],"collection":[{"href":"https:\/\/www.hossi-im-netz.de\/wordpress\/wp-json\/wp\/v2\/pages"}],"about":[{"href":"https:\/\/www.hossi-im-netz.de\/wordpress\/wp-json\/wp\/v2\/types\/page"}],"author":[{"embeddable":true,"href":"https:\/\/www.hossi-im-netz.de\/wordpress\/wp-json\/wp\/v2\/users\/1"}],"replies":[{"embeddable":true,"href":"https:\/\/www.hossi-im-netz.de\/wordpress\/wp-json\/wp\/v2\/comments?post=3646"}],"version-history":[{"count":2,"href":"https:\/\/www.hossi-im-netz.de\/wordpress\/wp-json\/wp\/v2\/pages\/3646\/revisions"}],"predecessor-version":[{"id":3682,"href":"https:\/\/www.hossi-im-netz.de\/wordpress\/wp-json\/wp\/v2\/pages\/3646\/revisions\/3682"}],"up":[{"embeddable":true,"href":"https:\/\/www.hossi-im-netz.de\/wordpress\/wp-json\/wp\/v2\/pages\/3637"}],"wp:attachment":[{"href":"https:\/\/www.hossi-im-netz.de\/wordpress\/wp-json\/wp\/v2\/media?parent=3646"}],"wp:term":[{"taxonomy":"yst_prominent_words","embeddable":true,"href":"https:\/\/www.hossi-im-netz.de\/wordpress\/wp-json\/wp\/v2\/yst_prominent_words?post=3646"}],"curies":[{"name":"wp","href":"https:\/\/api.w.org\/{rel}","templated":true}]}}