{"id":3774,"date":"2016-05-17T20:21:29","date_gmt":"2016-05-17T18:21:29","guid":{"rendered":"http:\/\/www.hossi-im-netz.de\/wordpress\/?page_id=3774"},"modified":"2016-05-17T20:21:29","modified_gmt":"2016-05-17T18:21:29","slug":"bodentemperatur","status":"publish","type":"page","link":"https:\/\/www.hossi-im-netz.de\/wordpress\/gartenwetter\/agrarinformationen\/bodentemperatur\/","title":{"rendered":"Bodentemperatur"},"content":{"rendered":"<h3>Bodentemperatur<\/h3>\n<p><img loading=\"lazy\" decoding=\"async\" class=\"alignnone\" src=\"http:\/\/www.dwd.de\/DWD\/klima\/agrar\/bt\/bt_r_DL_stationen.png\" width=\"392\" height=\"564\" \/><\/p>\n<h3>Bodentemperatur am Beispiel der Station K\u00f6then<\/h3>\n<p style=\"text-align: justify;\">10-t\u00e4giger R\u00fcckblick des Wetters und der Bodentemperatur in der Schicht 0 bis 100\u00a0<abbr title=\"Zentimeter\">cm<\/abbr>\u00a0unter unbewachsenem Boden:<\/p>\n<p style=\"text-align: justify;\">Im oberen Teil der Grafik sind die Lufttemperatur in 2\u00a0<abbr title=\"meter\">m<\/abbr>\u00a0H\u00f6he, die relative Feuchte und die t\u00e4gliche Sonnenscheindauer f\u00fcr die letzten 10 Tage dargestellt, um einen groben \u00dcberblick \u00fcber das Wettergeschehen in diesem Zeitraum zu geben.<br \/>\nIm unteren Teil der Grafik sind f\u00fcr das gleiche Zeitfenster auf der Basis st\u00fcndlicher Messungen die Bodentemperaturen in 5, 10, 20, 50 und 100\u00a0<abbr title=\"Zentimeter\">cm<\/abbr>\u00a0Tiefe als Profilschnitt abgebildet.<\/p>\n<p><img loading=\"lazy\" decoding=\"async\" class=\"alignnone\" src=\"http:\/\/www.dwd.de\/DWD\/klima\/agrar\/bt\/bt_r_ST_N652.png\" width=\"674\" height=\"561\" \/><\/p>\n","protected":false},"excerpt":{"rendered":"<p>Bodentemperatur Bodentemperatur am Beispiel der Station K\u00f6then 10-t\u00e4giger R\u00fcckblick des Wetters und der Bodentemperatur in der Schicht 0 bis 100\u00a0cm\u00a0unter unbewachsenem Boden: Im oberen Teil der Grafik sind die Lufttemperatur in 2\u00a0m\u00a0H\u00f6he, die relative Feuchte und die t\u00e4gliche Sonnenscheindauer f\u00fcr <span class=\"excerpt-dots\">&hellip;<\/span> <a class=\"more-link\" href=\"https:\/\/www.hossi-im-netz.de\/wordpress\/gartenwetter\/agrarinformationen\/bodentemperatur\/\"><span class=\"more-msg\">Weiterlesen &rarr;<\/span><\/a><\/p>\n","protected":false},"author":1,"featured_media":0,"parent":3754,"menu_order":0,"comment_status":"closed","ping_status":"closed","template":"","meta":{"_exactmetrics_skip_tracking":false,"_exactmetrics_sitenote_active":false,"_exactmetrics_sitenote_note":"","_exactmetrics_sitenote_category":0,"jetpack_post_was_ever_published":false,"footnotes":""},"yst_prominent_words":[],"class_list":["post-3774","page","type-page","status-publish","hentry"],"jetpack_sharing_enabled":true,"jetpack_shortlink":"https:\/\/wp.me\/P5DnIb-YS","jetpack-related-posts":[],"jetpack_likes_enabled":true,"_links":{"self":[{"href":"https:\/\/www.hossi-im-netz.de\/wordpress\/wp-json\/wp\/v2\/pages\/3774","targetHints":{"allow":["GET"]}}],"collection":[{"href":"https:\/\/www.hossi-im-netz.de\/wordpress\/wp-json\/wp\/v2\/pages"}],"about":[{"href":"https:\/\/www.hossi-im-netz.de\/wordpress\/wp-json\/wp\/v2\/types\/page"}],"author":[{"embeddable":true,"href":"https:\/\/www.hossi-im-netz.de\/wordpress\/wp-json\/wp\/v2\/users\/1"}],"replies":[{"embeddable":true,"href":"https:\/\/www.hossi-im-netz.de\/wordpress\/wp-json\/wp\/v2\/comments?post=3774"}],"version-history":[{"count":1,"href":"https:\/\/www.hossi-im-netz.de\/wordpress\/wp-json\/wp\/v2\/pages\/3774\/revisions"}],"predecessor-version":[{"id":3775,"href":"https:\/\/www.hossi-im-netz.de\/wordpress\/wp-json\/wp\/v2\/pages\/3774\/revisions\/3775"}],"up":[{"embeddable":true,"href":"https:\/\/www.hossi-im-netz.de\/wordpress\/wp-json\/wp\/v2\/pages\/3754"}],"wp:attachment":[{"href":"https:\/\/www.hossi-im-netz.de\/wordpress\/wp-json\/wp\/v2\/media?parent=3774"}],"wp:term":[{"taxonomy":"yst_prominent_words","embeddable":true,"href":"https:\/\/www.hossi-im-netz.de\/wordpress\/wp-json\/wp\/v2\/yst_prominent_words?post=3774"}],"curies":[{"name":"wp","href":"https:\/\/api.w.org\/{rel}","templated":true}]}}