{"id":4310,"date":"2016-07-14T21:54:56","date_gmt":"2016-07-14T19:54:56","guid":{"rendered":"http:\/\/www.hossi-im-netz.de\/wordpress\/?page_id=4310"},"modified":"2017-11-02T22:58:34","modified_gmt":"2017-11-02T20:58:34","slug":"seewetterbericht","status":"publish","type":"page","link":"https:\/\/www.hossi-im-netz.de\/wordpress\/vorhersage\/seewetterbericht\/","title":{"rendered":"Seewetterbericht"},"content":{"rendered":"<h2 style=\"text-align: justify;\">Seewetterbericht<\/h2>\n<p style=\"text-align: justify;\">Hier finden Sie aktuelle Seewettervorhersagen\u00a0f\u00fcr die wichtigsten Seengebiete der Welt. Vor allem wichtig f\u00fcr den Urlaub auf einem Kreuzfahrtschiff (AIDA, MSC, Mein Schiff&#8230;). Die magische Grenze liegt wohl zwischen 3m und 4m Wellenh\u00f6he, ab dem f\u00fcr viele eine Kreuzfahrt ihren Reiz verliert. In Kombination mit Wind k\u00f6nnen die Effekte sich patentieren oder auch gegenseitig abschw\u00e4chen.<\/p>\n<ol>\n<li style=\"text-align: justify;\"><a href=\"https:\/\/www.hossi-im-netz.de\/wordpress\/vorhersage\/seewetterbericht\/seewetter-nordatlantik\/\">Seewetter Nordatlantik\u00a0(inkl. Ostk\u00fcste USA)<\/a><\/li>\n<li style=\"text-align: justify;\"><a href=\"https:\/\/www.hossi-im-netz.de\/wordpress\/vorhersage\/seewetterbericht\/seewetter-nordsee\/\">Seewetter Nordsee<\/a><\/li>\n<li style=\"text-align: justify;\"><a href=\"https:\/\/www.hossi-im-netz.de\/wordpress\/vorhersage\/seewetterbericht\/seewetter-ostsee\/\">Seewetter Ostsee<\/a><\/li>\n<li style=\"text-align: justify;\"><a href=\"https:\/\/www.hossi-im-netz.de\/wordpress\/vorhersage\/seewetterbericht\/seewetter-westliches-mittelmeer\/\">Seewetter westliches Mittelmeer<\/a><\/li>\n<li style=\"text-align: justify;\"><a href=\"https:\/\/www.hossi-im-netz.de\/wordpress\/vorhersage\/seewetterbericht\/seewetter-oestliches-mittelmeer\/\">Seewetter \u00f6stliches Mittelmeer<\/a><\/li>\n<li style=\"text-align: justify;\"><a href=\"https:\/\/www.hossi-im-netz.de\/wordpress\/vorhersage\/seewetterbericht\/seewetter-karibik\/\">Seewetter Karibik<\/a><\/li>\n<li style=\"text-align: justify;\"><a href=\"https:\/\/www.hossi-im-netz.de\/wordpress\/vorhersage\/seewetterbericht\/seewetter-indischer-ozean\/\">Seewetter Indischer Ozean<\/a><\/li>\n<li style=\"text-align: justify;\"><a href=\"https:\/\/www.hossi-im-netz.de\/wordpress\/vorhersage\/seewetterbericht\/seewetter-pazifik\/\">Seewetter Pazifik (komplett)<\/a><\/li>\n<\/ol>\n<p>&nbsp;<\/p>\n<p>Die aktuelle Wettersituation der signifikanten Wellenh\u00f6he, des Windes in 10 m H\u00f6he \u00fcber Grund und des Luftdrucks.<\/p>\n<h3 style=\"text-align: justify;\">Aktuelle Karte &#8211; Europa\u00a0DWD<\/h3>\n<p style=\"text-align: justify;\"><img loading=\"lazy\" decoding=\"async\" class=\"alignnone\" src=\"http:\/\/www.dwd.de\/DWD\/wetter\/wv_spez\/seewetter\/na_00.png\" width=\"640\" height=\"468\" \/><\/p>\n<h3>Vorhersage +36h<\/h3>\n<p><img loading=\"lazy\" decoding=\"async\" class=\"alignnone size-full\" src=\"http:\/\/www.dwd.de\/DWD\/wetter\/wv_spez\/seewetter\/na_36.png\" alt=\"\" width=\"640\" height=\"478\" \/><\/p>\n<h3>Vorhersage +60h<\/h3>\n<p><img loading=\"lazy\" decoding=\"async\" class=\"alignnone size-full\" src=\"http:\/\/www.dwd.de\/DWD\/wetter\/wv_spez\/seewetter\/na_60.png\" alt=\"\" width=\"640\" height=\"478\" \/><\/p>\n<h3 style=\"text-align: justify;\">Vorhersage +84h<\/h3>\n<h3 style=\"text-align: justify;\"><img loading=\"lazy\" decoding=\"async\" class=\"alignnone size-full\" src=\"http:\/\/www.dwd.de\/DWD\/wetter\/wv_spez\/seewetter\/na_84.png\" alt=\"\" width=\"640\" height=\"478\" \/><\/h3>\n<h3 style=\"text-align: justify;\">Hinweis<\/h3>\n<p style=\"text-align: justify;\">Sprachausstrahlung<br \/>\nSeewetterbericht \u00fcber Kurzwelle (AM):<br \/>\nTestweise wird ein Seewetterbericht Nord- und Ostsee ausgestrahlt auf<br \/>\n5905 kHz t\u00e4glich 06:00-06:30, 12:00-12:30, 20:00-2030 UTC<\/p>\n","protected":false},"excerpt":{"rendered":"<p>Seewetterbericht Hier finden Sie aktuelle Seewettervorhersagen\u00a0f\u00fcr die wichtigsten Seengebiete der Welt. Vor allem wichtig f\u00fcr den Urlaub auf einem Kreuzfahrtschiff (AIDA, MSC, Mein Schiff&#8230;). Die magische Grenze liegt wohl zwischen 3m und 4m Wellenh\u00f6he, ab dem f\u00fcr viele eine Kreuzfahrt <span class=\"excerpt-dots\">&hellip;<\/span> <a class=\"more-link\" href=\"https:\/\/www.hossi-im-netz.de\/wordpress\/vorhersage\/seewetterbericht\/\"><span class=\"more-msg\">Weiterlesen &rarr;<\/span><\/a><\/p>\n","protected":false},"author":1,"featured_media":0,"parent":135,"menu_order":0,"comment_status":"closed","ping_status":"closed","template":"","meta":{"_exactmetrics_skip_tracking":false,"_exactmetrics_sitenote_active":false,"_exactmetrics_sitenote_note":"","_exactmetrics_sitenote_category":0,"jetpack_post_was_ever_published":false,"footnotes":""},"yst_prominent_words":[2913,2616,6456,6454,6455,1467,6457],"class_list":["post-4310","page","type-page","status-publish","hentry"],"jetpack_sharing_enabled":true,"jetpack_shortlink":"https:\/\/wp.me\/P5DnIb-17w","jetpack-related-posts":[],"jetpack_likes_enabled":true,"_links":{"self":[{"href":"https:\/\/www.hossi-im-netz.de\/wordpress\/wp-json\/wp\/v2\/pages\/4310","targetHints":{"allow":["GET"]}}],"collection":[{"href":"https:\/\/www.hossi-im-netz.de\/wordpress\/wp-json\/wp\/v2\/pages"}],"about":[{"href":"https:\/\/www.hossi-im-netz.de\/wordpress\/wp-json\/wp\/v2\/types\/page"}],"author":[{"embeddable":true,"href":"https:\/\/www.hossi-im-netz.de\/wordpress\/wp-json\/wp\/v2\/users\/1"}],"replies":[{"embeddable":true,"href":"https:\/\/www.hossi-im-netz.de\/wordpress\/wp-json\/wp\/v2\/comments?post=4310"}],"version-history":[{"count":8,"href":"https:\/\/www.hossi-im-netz.de\/wordpress\/wp-json\/wp\/v2\/pages\/4310\/revisions"}],"predecessor-version":[{"id":8066,"href":"https:\/\/www.hossi-im-netz.de\/wordpress\/wp-json\/wp\/v2\/pages\/4310\/revisions\/8066"}],"up":[{"embeddable":true,"href":"https:\/\/www.hossi-im-netz.de\/wordpress\/wp-json\/wp\/v2\/pages\/135"}],"wp:attachment":[{"href":"https:\/\/www.hossi-im-netz.de\/wordpress\/wp-json\/wp\/v2\/media?parent=4310"}],"wp:term":[{"taxonomy":"yst_prominent_words","embeddable":true,"href":"https:\/\/www.hossi-im-netz.de\/wordpress\/wp-json\/wp\/v2\/yst_prominent_words?post=4310"}],"curies":[{"name":"wp","href":"https:\/\/api.w.org\/{rel}","templated":true}]}}