{"id":4832,"date":"2016-09-23T16:43:13","date_gmt":"2016-09-23T14:43:13","guid":{"rendered":"http:\/\/www.hossi-im-netz.de\/wordpress\/?page_id=4832"},"modified":"2016-09-24T23:07:12","modified_gmt":"2016-09-24T21:07:12","slug":"seewetter-nordsee","status":"publish","type":"page","link":"https:\/\/www.hossi-im-netz.de\/wordpress\/vorhersage\/seewetterbericht\/seewetter-nordsee\/","title":{"rendered":"Seewetter Nordsee"},"content":{"rendered":"<h2>Seewetter &#8211; Nordsee<\/h2>\n<p>Die aktuelle Wettersituation der Signifikanten Wellenh\u00f6he, des Windes in 10 m H\u00f6he \u00fcber Grund und des Luftdrucks.<\/p>\n<p><img loading=\"lazy\" decoding=\"async\" class=\"alignnone size-full\" src=\"http:\/\/www.dwd.de\/DWD\/wetter\/wv_spez\/seewetter\/nordsa_00.png\" alt=\"\" width=\"640\" height=\"468\" \/><br \/>\n<img loading=\"lazy\" decoding=\"async\" class=\"alignnone size-full\" src=\"http:\/\/www.dwd.de\/DWD\/wetter\/wv_spez\/seewetter\/nordsa_24.png\" alt=\"\" width=\"640\" height=\"468\" \/><\/p>\n<p><img loading=\"lazy\" decoding=\"async\" class=\"alignnone size-full\" src=\"http:\/\/www.dwd.de\/DWD\/wetter\/wv_spez\/seewetter\/nordsa_48.png\" alt=\"\" width=\"640\" height=\"468\" \/><\/p>\n<p><img loading=\"lazy\" decoding=\"async\" class=\"alignnone size-full\" src=\"http:\/\/www.dwd.de\/DWD\/wetter\/wv_spez\/seewetter\/nordsa_72.png\" alt=\"\" width=\"640\" height=\"468\" \/><\/p>\n","protected":false},"excerpt":{"rendered":"<p>Seewetter &#8211; Nordsee Die aktuelle Wettersituation der Signifikanten Wellenh\u00f6he, des Windes in 10 m H\u00f6he \u00fcber Grund und des Luftdrucks.<\/p>\n <a class=\"more-link\" href=\"https:\/\/www.hossi-im-netz.de\/wordpress\/vorhersage\/seewetterbericht\/seewetter-nordsee\/\"><span class=\"more-msg\">Weiterlesen &rarr;<\/span><\/a>","protected":false},"author":1,"featured_media":0,"parent":4310,"menu_order":0,"comment_status":"closed","ping_status":"closed","template":"","meta":{"_exactmetrics_skip_tracking":false,"_exactmetrics_sitenote_active":false,"_exactmetrics_sitenote_note":"","_exactmetrics_sitenote_category":0,"jetpack_post_was_ever_published":false,"footnotes":""},"yst_prominent_words":[],"class_list":["post-4832","page","type-page","status-publish","hentry"],"jetpack_sharing_enabled":true,"jetpack_shortlink":"https:\/\/wp.me\/P5DnIb-1fW","jetpack-related-posts":[],"jetpack_likes_enabled":true,"_links":{"self":[{"href":"https:\/\/www.hossi-im-netz.de\/wordpress\/wp-json\/wp\/v2\/pages\/4832","targetHints":{"allow":["GET"]}}],"collection":[{"href":"https:\/\/www.hossi-im-netz.de\/wordpress\/wp-json\/wp\/v2\/pages"}],"about":[{"href":"https:\/\/www.hossi-im-netz.de\/wordpress\/wp-json\/wp\/v2\/types\/page"}],"author":[{"embeddable":true,"href":"https:\/\/www.hossi-im-netz.de\/wordpress\/wp-json\/wp\/v2\/users\/1"}],"replies":[{"embeddable":true,"href":"https:\/\/www.hossi-im-netz.de\/wordpress\/wp-json\/wp\/v2\/comments?post=4832"}],"version-history":[{"count":2,"href":"https:\/\/www.hossi-im-netz.de\/wordpress\/wp-json\/wp\/v2\/pages\/4832\/revisions"}],"predecessor-version":[{"id":4854,"href":"https:\/\/www.hossi-im-netz.de\/wordpress\/wp-json\/wp\/v2\/pages\/4832\/revisions\/4854"}],"up":[{"embeddable":true,"href":"https:\/\/www.hossi-im-netz.de\/wordpress\/wp-json\/wp\/v2\/pages\/4310"}],"wp:attachment":[{"href":"https:\/\/www.hossi-im-netz.de\/wordpress\/wp-json\/wp\/v2\/media?parent=4832"}],"wp:term":[{"taxonomy":"yst_prominent_words","embeddable":true,"href":"https:\/\/www.hossi-im-netz.de\/wordpress\/wp-json\/wp\/v2\/yst_prominent_words?post=4832"}],"curies":[{"name":"wp","href":"https:\/\/api.w.org\/{rel}","templated":true}]}}