{"id":5182,"date":"2016-11-01T22:13:43","date_gmt":"2016-11-01T20:13:43","guid":{"rendered":"http:\/\/www.hossi-im-netz.de\/wordpress\/?page_id=5182"},"modified":"2016-11-10T21:49:06","modified_gmt":"2016-11-10T19:49:06","slug":"schneekarten","status":"publish","type":"page","link":"https:\/\/www.hossi-im-netz.de\/wordpress\/wetter\/schneekarten\/","title":{"rendered":"Schneekarten"},"content":{"rendered":"<h2>Schneekarten<\/h2>\n<p style=\"text-align: justify;\">Klimamonitoring Europa &#8211; Karten des Schnees (j\u00e4hrlich) f\u00fcr die\u00a0<abbr title=\"World Meteorological Organization\">WMO<\/abbr>-Region RA VI<\/p>\n<p style=\"text-align: justify;\">Schnee ist eine sehr wichtige Gr\u00f6\u00dfe, um das Klima zu beschreiben. Er hat Auswirkungen auf das Klimasystem der Erde durch eine h\u00f6here R\u00fcckstreuung von Sonnenstrahlung (Albedo) \u00fcber einer schneebedeckten Oberfl\u00e4che im Vergleich zu einer ohne Schneedecke. Dies verhindert, dass die Erdoberfl\u00e4che sich erw\u00e4rmt. Der Emissionsgrad der terrestrischen langwelligen Strahlung ist auch sehr hoch im Vergleich zu schneefreien B\u00f6den, was eine Ausk\u00fchlung bei Nacht verursacht. Daher sind die Erde und auch die atmosph\u00e4rische Schicht \u00fcber einer Schneedecke k\u00e4lter, vorausgesetzt, dass alle anderen atmosph\u00e4rischen Bedingungen gleich sind, als ohne.<\/p>\n<p style=\"text-align: justify;\">Wenn der Schnee schmilzt, wird durch Verdunstung die Feuchtigkeit der Luft erh\u00f6ht und kann die Bildung von Wolken und Niederschlag beeinflussen. Durch die Verdunstung wird die Atmosph\u00e4re k\u00e4lter. In den Schneedecken der Berge wird im Winter viel Wasser gebunden, das im Fr\u00fchling und Sommer f\u00fcr die Wasserversorgung zur Verf\u00fcgung steht, aber es kann auch in extremen F\u00e4llen zu \u00dcberschwemmungen f\u00fchren. Somit ist Schnee ein wichtiger hydrologischer Regelungsfaktor.<\/p>\n<p style=\"text-align: justify;\">Neben diesen physikalischen Auswirkungen sind die Schneeverh\u00e4ltnisse und ihre Ver\u00e4nderungen auch von gro\u00dfer Bedeutung f\u00fcr den Wintertourismus und den allgemeinen Stra\u00dfen-, Schienen- und Luftverkehr.<\/p>\n<h4 style=\"text-align: justify;\"><a href=\"https:\/\/www.hossi-im-netz.de\/wordpress\/wetter\/schneehoehen\/\">Daten \u00fcber Schnee in Brachwitz (klick)<\/a><\/h4>\n<h3 style=\"text-align: justify;\"><\/h3>\n<h3 style=\"text-align: justify;\">Erster Schneetag<\/h3>\n<p><img loading=\"lazy\" decoding=\"async\" class=\"alignnone size-full\" src=\"http:\/\/www.dwd.de\/DWD\/klima\/rcccm\/int\/rcc_eude_cen_sno_frst_2013_17.png\" alt=\"\" width=\"677\" height=\"613\" \/><\/p>\n<p><img loading=\"lazy\" decoding=\"async\" class=\"alignnone size-full\" src=\"http:\/\/www.dwd.de\/DWD\/klima\/rcccm\/int\/rcc_eude_cen_sno_frst_2014_17.png\" alt=\"\" width=\"677\" height=\"613\" \/><\/p>\n<p><img loading=\"lazy\" decoding=\"async\" class=\"alignnone size-full\" src=\"http:\/\/www.dwd.de\/DWD\/klima\/rcccm\/int\/rcc_eude_cen_sno_frst_2015_17.png\" alt=\"\" width=\"677\" height=\"613\" \/><\/p>\n<p><img loading=\"lazy\" decoding=\"async\" class=\"alignnone size-full\" src=\"http:\/\/www.dwd.de\/DWD\/klima\/rcccm\/int\/rcc_eude_cen_sno_frst_2016_17.png\" alt=\"\" width=\"677\" height=\"613\" \/><\/p>\n<p><img loading=\"lazy\" decoding=\"async\" class=\"alignnone size-full\" src=\"http:\/\/www.dwd.de\/DWD\/klima\/rcccm\/int\/rcc_eude_cen_sno_frst_2017_17.png\" alt=\"\" width=\"677\" height=\"613\" \/><\/p>\n<h3 style=\"text-align: justify;\"><\/h3>\n<h3 style=\"text-align: justify;\">Letzter Schneetag<\/h3>\n<p><img loading=\"lazy\" decoding=\"async\" class=\"alignnone size-full\" src=\"http:\/\/www.dwd.de\/DWD\/klima\/rcccm\/int\/rcc_eude_cen_sno_last_2013_17.png\" alt=\"\" width=\"677\" height=\"613\" \/><br \/>\n<img loading=\"lazy\" decoding=\"async\" class=\"alignnone size-full\" src=\"http:\/\/www.dwd.de\/DWD\/klima\/rcccm\/int\/rcc_eude_cen_sno_last_2014_17.png\" alt=\"\" width=\"677\" height=\"613\" \/><br \/>\n<img loading=\"lazy\" decoding=\"async\" class=\"alignnone size-full\" src=\"http:\/\/www.dwd.de\/DWD\/klima\/rcccm\/int\/rcc_eude_cen_sno_last_2015_17.png\" alt=\"\" width=\"677\" height=\"613\" \/><br \/>\n<img loading=\"lazy\" decoding=\"async\" class=\"alignnone size-full\" src=\"http:\/\/www.dwd.de\/DWD\/klima\/rcccm\/int\/rcc_eude_cen_sno_last_2016_17.png\" alt=\"\" width=\"677\" height=\"613\" \/><br \/>\n<img loading=\"lazy\" decoding=\"async\" class=\"alignnone size-full\" src=\"http:\/\/www.dwd.de\/DWD\/klima\/rcccm\/int\/rcc_eude_cen_sno_last_2017_17.png\" alt=\"\" width=\"677\" height=\"613\" \/><\/p>\n<h3><\/h3>\n<h3>Dauer der Schneeperiode<\/h3>\n<p><img loading=\"lazy\" decoding=\"async\" class=\"alignnone size-full\" src=\"http:\/\/www.dwd.de\/DWD\/klima\/rcccm\/int\/rcc_eude_cen_sno_dura_2013_17.png\" alt=\"\" width=\"677\" height=\"613\" \/><br \/>\n<img loading=\"lazy\" decoding=\"async\" class=\"alignnone size-full\" src=\"http:\/\/www.dwd.de\/DWD\/klima\/rcccm\/int\/rcc_eude_cen_sno_dura_2014_17.png\" alt=\"\" width=\"677\" height=\"613\" \/><br \/>\n<img loading=\"lazy\" decoding=\"async\" class=\"alignnone size-full\" src=\"http:\/\/www.dwd.de\/DWD\/klima\/rcccm\/int\/rcc_eude_cen_sno_dura_2015_17.png\" alt=\"\" width=\"677\" height=\"613\" \/><br \/>\n<img loading=\"lazy\" decoding=\"async\" class=\"alignnone size-full\" src=\"http:\/\/www.dwd.de\/DWD\/klima\/rcccm\/int\/rcc_eude_cen_sno_dura_2016_17.png\" alt=\"\" width=\"677\" height=\"613\" \/><br \/>\n<img loading=\"lazy\" decoding=\"async\" class=\"alignnone size-full\" src=\"http:\/\/www.dwd.de\/DWD\/klima\/rcccm\/int\/rcc_eude_cen_sno_dura_2017_17.png\" alt=\"\" width=\"677\" height=\"613\" \/><\/p>\n","protected":false},"excerpt":{"rendered":"<p>Schneekarten Klimamonitoring Europa &#8211; Karten des Schnees (j\u00e4hrlich) f\u00fcr die\u00a0WMO-Region RA VI Schnee ist eine sehr wichtige Gr\u00f6\u00dfe, um das Klima zu beschreiben. Er hat Auswirkungen auf das Klimasystem der Erde durch eine h\u00f6here R\u00fcckstreuung von Sonnenstrahlung (Albedo) \u00fcber einer <span class=\"excerpt-dots\">&hellip;<\/span> <a class=\"more-link\" href=\"https:\/\/www.hossi-im-netz.de\/wordpress\/wetter\/schneekarten\/\"><span class=\"more-msg\">Weiterlesen &rarr;<\/span><\/a><\/p>\n","protected":false},"author":1,"featured_media":0,"parent":145,"menu_order":0,"comment_status":"closed","ping_status":"closed","template":"","meta":{"_exactmetrics_skip_tracking":false,"_exactmetrics_sitenote_active":false,"_exactmetrics_sitenote_note":"","_exactmetrics_sitenote_category":0,"jetpack_post_was_ever_published":false,"footnotes":""},"yst_prominent_words":[],"class_list":["post-5182","page","type-page","status-publish","hentry"],"jetpack_sharing_enabled":true,"jetpack_shortlink":"https:\/\/wp.me\/P5DnIb-1lA","jetpack-related-posts":[],"jetpack_likes_enabled":true,"_links":{"self":[{"href":"https:\/\/www.hossi-im-netz.de\/wordpress\/wp-json\/wp\/v2\/pages\/5182","targetHints":{"allow":["GET"]}}],"collection":[{"href":"https:\/\/www.hossi-im-netz.de\/wordpress\/wp-json\/wp\/v2\/pages"}],"about":[{"href":"https:\/\/www.hossi-im-netz.de\/wordpress\/wp-json\/wp\/v2\/types\/page"}],"author":[{"embeddable":true,"href":"https:\/\/www.hossi-im-netz.de\/wordpress\/wp-json\/wp\/v2\/users\/1"}],"replies":[{"embeddable":true,"href":"https:\/\/www.hossi-im-netz.de\/wordpress\/wp-json\/wp\/v2\/comments?post=5182"}],"version-history":[{"count":1,"href":"https:\/\/www.hossi-im-netz.de\/wordpress\/wp-json\/wp\/v2\/pages\/5182\/revisions"}],"predecessor-version":[{"id":5183,"href":"https:\/\/www.hossi-im-netz.de\/wordpress\/wp-json\/wp\/v2\/pages\/5182\/revisions\/5183"}],"up":[{"embeddable":true,"href":"https:\/\/www.hossi-im-netz.de\/wordpress\/wp-json\/wp\/v2\/pages\/145"}],"wp:attachment":[{"href":"https:\/\/www.hossi-im-netz.de\/wordpress\/wp-json\/wp\/v2\/media?parent=5182"}],"wp:term":[{"taxonomy":"yst_prominent_words","embeddable":true,"href":"https:\/\/www.hossi-im-netz.de\/wordpress\/wp-json\/wp\/v2\/yst_prominent_words?post=5182"}],"curies":[{"name":"wp","href":"https:\/\/api.w.org\/{rel}","templated":true}]}}