{"id":6054,"date":"2017-01-10T18:13:15","date_gmt":"2017-01-10T16:13:15","guid":{"rendered":"http:\/\/www.hossi-im-netz.de\/wordpress\/?page_id=6054"},"modified":"2022-04-10T09:08:38","modified_gmt":"2022-04-10T07:08:38","slug":"meteogramme","status":"publish","type":"page","link":"https:\/\/www.hossi-im-netz.de\/wordpress\/vorhersage\/meteogramme\/","title":{"rendered":"Meteogramm"},"content":{"rendered":"<h2>Meteogramm<\/h2>\n<p>Hier k\u00f6nnen sie sich verschiedenen Meteogramme (Temperatur, Niederschlag, Luftdruck, Bew\u00f6lkung, Wind, usw.) der Wetterdienste ansehen. Damit ist es leichter das Wetter der n\u00e4chsten Stunden oder Tage zu bewerten. Bitte beachten Sie, dass die verschiedenen Wetterdienste unterschiedliche Zeitr\u00e4ume f\u00fcr Ihre Meteogramme festgelegt haben.<\/p>\n<h4>Das Meteogramm f\u00fcr die n\u00e4chsten 48h des Norwegischen Meteorologischen Institut<\/h4>\n<h4><\/h4>\n<p><img loading=\"lazy\" decoding=\"async\" class=\"alignnone size-large\" src=\"https:\/\/www.yr.no\/en\/content\/2-2945606\/meteogram.svg\" width=\"828\" height=\"302\"><\/p>\n<h4>Das Meteogramm f\u00fcr die n\u00e4chsten&nbsp;6 Tage des&nbsp;Deutschen Wetterdienstes<\/h4>\n<p><img loading=\"lazy\" decoding=\"async\" class=\"alignnone size-full\" src=\"https:\/\/profiwetter.ch\/mos_10466.svg?t=1649519646\" width=\"1448\" height=\"988\"><\/p>\n<h4><\/h4>\n<h4>Das Meteogramm f\u00fcr die n\u00e4chsten 9 Tage des&nbsp;Amerikanischen Wetterdienstes<\/h4>\n<p><img loading=\"lazy\" decoding=\"async\" class=\"alignnone size-full\" src=\"https:\/\/www.wetterzentrale.de\/maps\/GFSOP12_52.0000_12.0000_210.png\" width=\"800\" height=\"625\"><\/p>\n<h4>Das Meteogramm f\u00fcr die n\u00e4chsten 5 Tage von Meteoblue<\/h4>\n<p><img loading=\"lazy\" decoding=\"async\" class=\"alignnone size-large\" src=\"https:\/\/my.meteoblue.com\/visimage\/meteogram_web?look=KILOMETER_PER_HOUR%2CCELSIUS%2CMILLIMETER%2Cdarkmode&amp;apikey=5838a18e295d&amp;temperature=C&amp;windspeed=kmh&amp;precipitationamount=mm&amp;winddirection=3char&amp;city=Brachwitz&amp;iso2=de&amp;lat=51.5371&amp;lon=11.8688&amp;asl=80&amp;tz=Europe%2FBerlin&amp;lang=de&amp;sig=e29c63d40924a821608dd011d77b03d8\" width=\"740\" height=\"490\"><\/p>\n<h4>Das Meteogramm f\u00fcr die n\u00e4chsten 16 Tage (Multimodell GFS)<\/h4>\n<div style=\"width: 860px\" class=\"wp-caption alignnone\"><img loading=\"lazy\" decoding=\"async\" class=\"size-large\" src=\"http:\/\/old.wetterzentrale.de\/pics\/MS_1151_ens.png\" width=\"850\" height=\"657\"><p class=\"wp-caption-text\">Erlaeuterung der Grafik: Die 850hpa- Temperatur zeigt die erwartete Temperatur in ca. 1.500m Hoehe. Hierdurch werden Einfluesse unterschiedlicher Gelaendehoehen eliminiert. Als Faustformel gilt, die Temperatur sinkt mit zunehmender Hoehe um ca. 0,5 bis 1,0 Grad (je nach Wetterlage). Entsprechend kann aus der 850hPa Temperatur auch auf die Temperatur am Boden zurueckgeschlossen werden (je nach jeweiliger Ortshoehe). Durch den Vergleich des 30-jaehrigen Mittelwertes (rote Linie) mit den einzelnen Prognoselaeufen kann erkannt werden, ob die Temperatur in den naechsten Tagen ueber oder unter dem langjaehrigen Mittelwert liegt (=&gt; wird es im Sommer z.B. heiss oder im Winter sehr kalt). Gleichzeitig kann erkannt werden, wie sicher oder unsicher die kuenftige Wetterlage ist, je weiter die Linien der einzelnen Prognoselaeufe auseinanderliegen, desto unsicherer ist die Prognose.<\/p><\/div>\n","protected":false},"excerpt":{"rendered":"<p>Meteogramm Hier k\u00f6nnen sie sich verschiedenen Meteogramme (Temperatur, Niederschlag, Luftdruck, Bew\u00f6lkung, Wind, usw.) der Wetterdienste ansehen. Damit ist es leichter das Wetter der n\u00e4chsten Stunden oder Tage zu bewerten. Bitte beachten Sie, dass die verschiedenen Wetterdienste unterschiedliche Zeitr\u00e4ume f\u00fcr Ihre <span class=\"excerpt-dots\">&hellip;<\/span> <a class=\"more-link\" href=\"https:\/\/www.hossi-im-netz.de\/wordpress\/vorhersage\/meteogramme\/\"><span class=\"more-msg\">Weiterlesen &rarr;<\/span><\/a><\/p>\n","protected":false},"author":1,"featured_media":0,"parent":135,"menu_order":0,"comment_status":"closed","ping_status":"closed","template":"","meta":{"_exactmetrics_skip_tracking":false,"_exactmetrics_sitenote_active":false,"_exactmetrics_sitenote_note":"","_exactmetrics_sitenote_category":0,"jetpack_post_was_ever_published":false,"footnotes":""},"yst_prominent_words":[8593,1698,5948,1703,1704,8594,1737,1658,1660,4917,1702],"class_list":["post-6054","page","type-page","status-publish","hentry"],"jetpack_sharing_enabled":true,"jetpack_shortlink":"https:\/\/wp.me\/P5DnIb-1zE","jetpack-related-posts":[],"jetpack_likes_enabled":true,"_links":{"self":[{"href":"https:\/\/www.hossi-im-netz.de\/wordpress\/wp-json\/wp\/v2\/pages\/6054","targetHints":{"allow":["GET"]}}],"collection":[{"href":"https:\/\/www.hossi-im-netz.de\/wordpress\/wp-json\/wp\/v2\/pages"}],"about":[{"href":"https:\/\/www.hossi-im-netz.de\/wordpress\/wp-json\/wp\/v2\/types\/page"}],"author":[{"embeddable":true,"href":"https:\/\/www.hossi-im-netz.de\/wordpress\/wp-json\/wp\/v2\/users\/1"}],"replies":[{"embeddable":true,"href":"https:\/\/www.hossi-im-netz.de\/wordpress\/wp-json\/wp\/v2\/comments?post=6054"}],"version-history":[{"count":18,"href":"https:\/\/www.hossi-im-netz.de\/wordpress\/wp-json\/wp\/v2\/pages\/6054\/revisions"}],"predecessor-version":[{"id":16339,"href":"https:\/\/www.hossi-im-netz.de\/wordpress\/wp-json\/wp\/v2\/pages\/6054\/revisions\/16339"}],"up":[{"embeddable":true,"href":"https:\/\/www.hossi-im-netz.de\/wordpress\/wp-json\/wp\/v2\/pages\/135"}],"wp:attachment":[{"href":"https:\/\/www.hossi-im-netz.de\/wordpress\/wp-json\/wp\/v2\/media?parent=6054"}],"wp:term":[{"taxonomy":"yst_prominent_words","embeddable":true,"href":"https:\/\/www.hossi-im-netz.de\/wordpress\/wp-json\/wp\/v2\/yst_prominent_words?post=6054"}],"curies":[{"name":"wp","href":"https:\/\/api.w.org\/{rel}","templated":true}]}}