{"id":7521,"date":"2017-07-26T21:29:38","date_gmt":"2017-07-26T19:29:38","guid":{"rendered":"http:\/\/www.hossi-im-netz.de\/wordpress\/?page_id=7521"},"modified":"2017-07-26T21:29:38","modified_gmt":"2017-07-26T19:29:38","slug":"ozon","status":"publish","type":"page","link":"https:\/\/www.hossi-im-netz.de\/wordpress\/vorhersage\/ozon\/","title":{"rendered":"Ozon"},"content":{"rendered":"<h2>Ozon &#8211; \u00dcbersicht Sachsen-Anhalt<\/h2>\n<p>Quelle: L\u00dcSA und UBA<\/p>\n<p>Ozon besteht aus drei Sauerstoffatomen. \u201dNormaler\u201d Sauerstoff, den wir zum Atmen brauchen \u2013 O<sub>2<\/sub> \u2013 ist zweiatomig. Die chemische Formel f\u00fcr Ozon lautet: O<sub>3<\/sub>. Ozon ist eines der wichtigsten Spurengase in der <a class=\"lexicon tooltip-link\" title=\"\" href=\"http:\/\/www.umweltbundesamt.de\/service\/glossar\/a?tag=Atmosphre#alphabar\" target=\"_blank\" rel=\"noopener\" data-html=\"true\" data-placement=\"top\" data-toggle=\"tooltip\" data-original-title=\"&lt;p&gt;Die gasf\u00f6rmige H\u00fclle, welche die Erde umgibt. Die trockene Atmosph\u00e4re besteht fast g\u00e4nzlich aus Stickstoff (78,1 Volumenprozent) und Sauerstoff (20.9 Volumenprozent), zusammen mit einer Anzahl von Spurengasen und strahlungsaktiven Treibhausgasen wie Kohlendioxid (0,035 Volumenprozent) und Ozon. Zus\u00e4tzlich enth\u00e4lt die Atmosph\u00e4re das Treibhausgas Wasserdampf, dessen Menge stark schwankt, und Aerosole.&lt;\/p&gt;&lt;p&gt;Nach: IPCC (2007): Klima\u00e4nderung 2007. Synthesebericht&lt;\/p&gt;\">Atmosph\u00e4re<\/a>.<\/p>\n<p>In Bodenn\u00e4he auftretendes Ozon wird nicht direkt freigesetzt, sondern bei intensiver Sonneneinstrahlung durch komplexe photochemische Prozesse aus Vorl\u00e4uferschadstoffen\u00a0\u2212 \u00fcberwiegend Stickstoffoxiden und fl\u00fcchtigen organischen Verbindungen\u00a0\u2212 gebildet. Ozon wird deshalb als sekund\u00e4rer Schadstoff bezeichnet.<\/p>\n<p><img loading=\"lazy\" decoding=\"async\" class=\"alignnone size-full\" src=\"http:\/\/www.luesa.sachsen-anhalt.de\/luesa\/daten-karten\/Karten-O3\/Ozon-Loop.gif\" width=\"378\" height=\"515\" \/>\u00a0<img loading=\"lazy\" decoding=\"async\" class=\"alignnone size-full\" src=\"http:\/\/www.luesa.sachsen-anhalt.de\/luesa\/daten-karten\/Karten-O3\/Ozon_Legende.gif\" width=\"128\" height=\"281\" \/><\/p>\n<p>&nbsp;<\/p>\n<h3>Emittenten<\/h3>\n<p>Die Ozonvorl\u00e4uferstoffe stammen haupts\u00e4chlich aus vom Menschen verursachten Quellen. Etwa die H\u00e4lfte der Stickstoffoxide kommt aus dem Verkehrsbereich, vornehmlich dem Stra\u00dfenverkehr, der restliche Anteil \u00fcberwiegend aus Feuerungsanlagen. Fl\u00fcchtige organische Stoffe werden zu etwa der H\u00e4lfte bei der Verwendung von L\u00f6semitteln freigesetzt. L\u00f6semittel finden sich in vielen Produkten, wie in Farben und Lacken, Klebstoffen, Reinigungsmitteln usw. Im Verkehrsbereich entstehen fl\u00fcchtige organische Verbindungen \u00fcberwiegend durch die Verbrennung von Kraftstoff. Nat\u00fcrliche Quellen von fl\u00fcchtigen organischen Verbindungen sind Ausd\u00fcnstungen aus Laub- und Nadelb\u00e4umen. Biogene Stickstoffoxide stammen \u00fcberwiegend aus \u00fcberd\u00fcngten B\u00f6den.<\/p>\n<h3>Gesundheitsrisiken<\/h3>\n<p>Die gesundheitlichen Wirkungen von Ozon bestehen in einer verminderten Lungenfunktion, entz\u00fcndlichen Reaktionen in den Atemwegen und Atemwegsbeschwerden. Bei k\u00f6rperlicher Anstrengung, also bei erh\u00f6htem Atemvolumen, k\u00f6nnen\u00a0 sich diese Auswirkungen verst\u00e4rken. Empfindliche oder vorgesch\u00e4digte Personen, zum Beispiel Asthmatiker, sind besonders anf\u00e4llig und sollten bei\u00a0 hohen Ozonwerten k\u00f6rperliche Anstrengungen im Freien am Nachmittag vermeiden. Ab einem Ozonwert von 180 \u00b5g\/m<sup>3<\/sup> (1h-Mittelwert) werden dazu \u00fcber die Medien Verhaltensempfehlungen an die Bev\u00f6lkerung gegeben.<br \/>\nDa Ozon sehr reaktionsfreudig (reaktiv) ist, liegt die Vermutung nahe, dass es krebserregend sein k\u00f6nnte. Die MAK-Kommission (MAK=Maximale Arbeitsplatz Konzentration) der Deutschen Forschungsgemeinschaft (DFG) beurteilte Ozon als einen Stoff, der \u201eim Verdacht steht, beim Menschen Krebs auszul\u00f6sen\u201c.<\/p>\n<h3>Wirkungen auf \u00d6kosysteme und Nutzpflanzen<\/h3>\n<p>Ozon wird von Pflanzen durch die Spalt\u00f6ffnungen der Blattorgane aufgenommen. Dadurch k\u00f6nnen bei Pflanzen Sch\u00e4den an Blattorganen auftreten. L\u00e4nger anhaltende Belastungen stellen ein Risiko f\u00fcr das Pflanzenwachstum, Ernteertr\u00e4ge und die Qualit\u00e4t landwirtschaftlicher Produkte dar.<\/p>\n<h3>Schwellen- und Zielwerte<\/h3>\n<p>F\u00fcr die Ozonkonzentration gibt es eine Informationsschwelle von 180 \u00b5g\/m<sup>3<\/sup> (1-Stunden-Wert) und eine Alarmschwelle von 240 \u00b5g\/m<sup>3<\/sup> (1-Stunden-Wert). Ab einem Ozonwert von 180 \u00b5g\/m<sup>3<\/sup> werden dazu \u00fcber die Medien Verhaltensempfehlungen an die Bev\u00f6lkerung gegeben. Zum Schutz der menschlichen Gesundheit ist ein Zielwert festgelegt: Der maximale 8-Stunden-Wert eines Tages darf an h\u00f6chstens 25 Tagen pro Kalenderjahr, gemittelt \u00fcber 3 Jahre, den Wert von 120 \u00b5g\/m<sup>3<\/sup> \u00fcberschreiten. Langfristig sollen die maximalen 8-Stundenmittel den Wert von 120 \u00b5g\/m<sup>3<\/sup> gar nicht mehr \u00fcberschreiten. Zum Schutz der Vegetation gilt im 5-Jahresmittel ein Zielwert von 18.000 \u00b5g\/m<sup>3<\/sup> als Summe der Differenz zwischen Einstundenmittelwerten \u00fcber 80 \u00b5g\/m<sup>3<\/sup> und 80 \u00b5g\/m<sup>3<\/sup> w\u00e4hrend Tagesstunden (8\u201320 Uhr) der Hauptvegetationszeit von Mai bis Juli (AOT 40).<\/p>\n<p>&nbsp;<\/p>\n<p>&nbsp;<\/p>\n<p><img loading=\"lazy\" decoding=\"async\" class=\"alignnone size-full\" src=\"http:\/\/www.luesa.sachsen-anhalt.de\/luesa\/daten-karten\/Karten-O3\/Ozon_1h024.gif\" width=\"378\" height=\"515\" \/>\u00a0<img loading=\"lazy\" decoding=\"async\" class=\"alignnone size-full\" src=\"http:\/\/www.luesa.sachsen-anhalt.de\/luesa\/daten-karten\/Karten-O3\/Ozon_1h023.gif\" width=\"378\" height=\"515\" \/><br \/>\n<img loading=\"lazy\" decoding=\"async\" class=\"alignnone size-full\" src=\"http:\/\/www.luesa.sachsen-anhalt.de\/luesa\/daten-karten\/Karten-O3\/Ozon_1h022.gif\" width=\"378\" height=\"515\" \/>\u00a0<img loading=\"lazy\" decoding=\"async\" class=\"alignnone size-full\" src=\"http:\/\/www.luesa.sachsen-anhalt.de\/luesa\/daten-karten\/Karten-O3\/Ozon_1h021.gif\" width=\"378\" height=\"515\" \/><br \/>\n<img loading=\"lazy\" decoding=\"async\" class=\"alignnone size-full\" src=\"http:\/\/www.luesa.sachsen-anhalt.de\/luesa\/daten-karten\/Karten-O3\/Ozon_1h020.gif\" width=\"378\" height=\"515\" \/>\u00a0<img loading=\"lazy\" decoding=\"async\" class=\"alignnone size-full\" src=\"http:\/\/www.luesa.sachsen-anhalt.de\/luesa\/daten-karten\/Karten-O3\/Ozon_1h019.gif\" width=\"378\" height=\"515\" \/><br \/>\n<img loading=\"lazy\" decoding=\"async\" class=\"alignnone size-full\" src=\"http:\/\/www.luesa.sachsen-anhalt.de\/luesa\/daten-karten\/Karten-O3\/Ozon_1h018.gif\" width=\"378\" height=\"515\" \/>\u00a0<img loading=\"lazy\" decoding=\"async\" class=\"alignnone size-full\" src=\"http:\/\/www.luesa.sachsen-anhalt.de\/luesa\/daten-karten\/Karten-O3\/Ozon_1h017.gif\" width=\"378\" height=\"515\" \/><br \/>\n<img loading=\"lazy\" decoding=\"async\" class=\"alignnone size-full\" src=\"http:\/\/www.luesa.sachsen-anhalt.de\/luesa\/daten-karten\/Karten-O3\/Ozon_1h016.gif\" width=\"378\" height=\"515\" \/>\u00a0<img loading=\"lazy\" decoding=\"async\" class=\"alignnone size-full\" src=\"http:\/\/www.luesa.sachsen-anhalt.de\/luesa\/daten-karten\/Karten-O3\/Ozon_1h015.gif\" width=\"378\" height=\"515\" \/><br \/>\n<img loading=\"lazy\" decoding=\"async\" class=\"alignnone size-full\" src=\"http:\/\/www.luesa.sachsen-anhalt.de\/luesa\/daten-karten\/Karten-O3\/Ozon_1h014.gif\" width=\"378\" height=\"515\" \/>\u00a0<img loading=\"lazy\" decoding=\"async\" class=\"alignnone size-full\" src=\"http:\/\/www.luesa.sachsen-anhalt.de\/luesa\/daten-karten\/Karten-O3\/Ozon_1h013.gif\" width=\"378\" height=\"515\" \/><br \/>\n<img loading=\"lazy\" decoding=\"async\" class=\"alignnone size-full\" src=\"http:\/\/www.luesa.sachsen-anhalt.de\/luesa\/daten-karten\/Karten-O3\/Ozon_1h012.gif\" width=\"378\" height=\"515\" \/>\u00a0<img loading=\"lazy\" decoding=\"async\" class=\"alignnone size-full\" src=\"http:\/\/www.luesa.sachsen-anhalt.de\/luesa\/daten-karten\/Karten-O3\/Ozon_1h011.gif\" width=\"378\" height=\"515\" \/><br \/>\n<img loading=\"lazy\" decoding=\"async\" class=\"alignnone size-full\" src=\"http:\/\/www.luesa.sachsen-anhalt.de\/luesa\/daten-karten\/Karten-O3\/Ozon_1h010.gif\" width=\"378\" height=\"515\" \/>\u00a0<img loading=\"lazy\" decoding=\"async\" class=\"alignnone size-full\" src=\"http:\/\/www.luesa.sachsen-anhalt.de\/luesa\/daten-karten\/Karten-O3\/Ozon_1h009.gif\" width=\"378\" height=\"515\" \/><br \/>\n<img loading=\"lazy\" decoding=\"async\" class=\"alignnone size-full\" src=\"http:\/\/www.luesa.sachsen-anhalt.de\/luesa\/daten-karten\/Karten-O3\/Ozon_1h008.gif\" width=\"378\" height=\"515\" \/>\u00a0<img loading=\"lazy\" decoding=\"async\" class=\"alignnone size-full\" src=\"http:\/\/www.luesa.sachsen-anhalt.de\/luesa\/daten-karten\/Karten-O3\/Ozon_1h007.gif\" width=\"378\" height=\"515\" \/><br \/>\n<img loading=\"lazy\" decoding=\"async\" class=\"alignnone size-full\" src=\"http:\/\/www.luesa.sachsen-anhalt.de\/luesa\/daten-karten\/Karten-O3\/Ozon_1h006.gif\" width=\"378\" height=\"515\" \/>\u00a0<img loading=\"lazy\" decoding=\"async\" class=\"alignnone size-full\" src=\"http:\/\/www.luesa.sachsen-anhalt.de\/luesa\/daten-karten\/Karten-O3\/Ozon_1h005.gif\" width=\"378\" height=\"515\" \/><br \/>\n<img loading=\"lazy\" decoding=\"async\" class=\"alignnone size-full\" src=\"http:\/\/www.luesa.sachsen-anhalt.de\/luesa\/daten-karten\/Karten-O3\/Ozon_1h004.gif\" width=\"378\" height=\"515\" \/>\u00a0<img loading=\"lazy\" decoding=\"async\" class=\"alignnone size-full\" src=\"http:\/\/www.luesa.sachsen-anhalt.de\/luesa\/daten-karten\/Karten-O3\/Ozon_1h003.gif\" width=\"378\" height=\"515\" \/><br \/>\n<img loading=\"lazy\" decoding=\"async\" class=\"alignnone size-full\" src=\"http:\/\/www.luesa.sachsen-anhalt.de\/luesa\/daten-karten\/Karten-O3\/Ozon_1h002.gif\" width=\"378\" height=\"515\" \/>\u00a0<img loading=\"lazy\" decoding=\"async\" class=\"alignnone size-full\" src=\"http:\/\/www.luesa.sachsen-anhalt.de\/luesa\/daten-karten\/Karten-O3\/Ozon_1h001.gif\" width=\"378\" height=\"515\" \/><\/p>\n<p>&nbsp;<\/p>\n<p><img loading=\"lazy\" decoding=\"async\" class=\"alignnone size-full\" src=\"http:\/\/www.umweltbundesamt.de\/sites\/default\/files\/medien\/370\/bilder\/ozon_jahresmittelwerte_1990-2008.jpg\" width=\"3000\" height=\"3511\" \/><\/p>\n","protected":false},"excerpt":{"rendered":"<p>Ozon &#8211; \u00dcbersicht Sachsen-Anhalt Quelle: L\u00dcSA und UBA Ozon besteht aus drei Sauerstoffatomen. \u201dNormaler\u201d Sauerstoff, den wir zum Atmen brauchen \u2013 O2 \u2013 ist zweiatomig. Die chemische Formel f\u00fcr Ozon lautet: O3. Ozon ist eines der wichtigsten Spurengase in der <span class=\"excerpt-dots\">&hellip;<\/span> <a class=\"more-link\" href=\"https:\/\/www.hossi-im-netz.de\/wordpress\/vorhersage\/ozon\/\"><span class=\"more-msg\">Weiterlesen &rarr;<\/span><\/a><\/p>\n","protected":false},"author":1,"featured_media":0,"parent":135,"menu_order":0,"comment_status":"closed","ping_status":"closed","template":"","meta":{"_exactmetrics_skip_tracking":false,"_exactmetrics_sitenote_active":false,"_exactmetrics_sitenote_note":"","_exactmetrics_sitenote_category":0,"jetpack_post_was_ever_published":false,"footnotes":""},"yst_prominent_words":[],"class_list":["post-7521","page","type-page","status-publish","hentry"],"jetpack_sharing_enabled":true,"jetpack_shortlink":"https:\/\/wp.me\/P5DnIb-1Xj","jetpack-related-posts":[],"jetpack_likes_enabled":true,"_links":{"self":[{"href":"https:\/\/www.hossi-im-netz.de\/wordpress\/wp-json\/wp\/v2\/pages\/7521","targetHints":{"allow":["GET"]}}],"collection":[{"href":"https:\/\/www.hossi-im-netz.de\/wordpress\/wp-json\/wp\/v2\/pages"}],"about":[{"href":"https:\/\/www.hossi-im-netz.de\/wordpress\/wp-json\/wp\/v2\/types\/page"}],"author":[{"embeddable":true,"href":"https:\/\/www.hossi-im-netz.de\/wordpress\/wp-json\/wp\/v2\/users\/1"}],"replies":[{"embeddable":true,"href":"https:\/\/www.hossi-im-netz.de\/wordpress\/wp-json\/wp\/v2\/comments?post=7521"}],"version-history":[{"count":1,"href":"https:\/\/www.hossi-im-netz.de\/wordpress\/wp-json\/wp\/v2\/pages\/7521\/revisions"}],"predecessor-version":[{"id":7522,"href":"https:\/\/www.hossi-im-netz.de\/wordpress\/wp-json\/wp\/v2\/pages\/7521\/revisions\/7522"}],"up":[{"embeddable":true,"href":"https:\/\/www.hossi-im-netz.de\/wordpress\/wp-json\/wp\/v2\/pages\/135"}],"wp:attachment":[{"href":"https:\/\/www.hossi-im-netz.de\/wordpress\/wp-json\/wp\/v2\/media?parent=7521"}],"wp:term":[{"taxonomy":"yst_prominent_words","embeddable":true,"href":"https:\/\/www.hossi-im-netz.de\/wordpress\/wp-json\/wp\/v2\/yst_prominent_words?post=7521"}],"curies":[{"name":"wp","href":"https:\/\/api.w.org\/{rel}","templated":true}]}}